{"id":3021,"date":"2025-02-18T09:48:50","date_gmt":"2025-02-18T12:48:50","guid":{"rendered":"https:\/\/esteticaema.com\/site\/?post_type=product&#038;p=3021"},"modified":"2025-02-18T09:56:26","modified_gmt":"2025-02-18T12:56:26","slug":"crema-anticelulitis-x-150gr-sulderm","status":"publish","type":"product","link":"https:\/\/esteticaema.com\/site\/producto\/crema-anticelulitis-x-150gr-sulderm\/","title":{"rendered":"Crema anticelulitis x 150gr &#8211; Sulderm"},"content":{"rendered":"<p>Combinaci\u00f3n de ingredientes naturales como la glaucina, naranja amarga, aceite de t\u00e9 verde, \u00e1mica y palmarosa, que act\u00faan disminuyendo la lipog\u00e9nesis y favoreciendo el aumento de la lip\u00f3lisis, dando como resultado una reducci\u00f3n en la concentraci\u00f3n de adipocitos localizados.<\/p>\n<ul>\n<li>Mejora la piel naranja.<\/li>\n<li>Disminuye la retenci\u00f3n de l\u00edquidos.<\/li>\n<li>Mejora la micro circulaci\u00f3n.<\/li>\n<li>Promueve la lipolisis, fortalece los capilares y mejora la elasticidad de la piel.<\/li>\n<\/ul>\n","protected":false},"excerpt":{"rendered":"<p>Crema para tratamiento de la celulitis con efecto frio-calor, que reduce, reafirma y descongestiona.<\/p>\n","protected":false},"featured_media":3022,"comment_status":"closed","ping_status":"closed","template":"","meta":[],"product_cat":[83],"product_tag":[],"class_list":{"0":"post-3021","1":"product","2":"type-product","3":"status-publish","4":"has-post-thumbnail","6":"product_cat-corporales","8":"first","9":"instock","10":"shipping-taxable","11":"purchasable","12":"product-type-simple"},"_links":{"self":[{"href":"https:\/\/esteticaema.com\/site\/wp-json\/wp\/v2\/product\/3021"}],"collection":[{"href":"https:\/\/esteticaema.com\/site\/wp-json\/wp\/v2\/product"}],"about":[{"href":"https:\/\/esteticaema.com\/site\/wp-json\/wp\/v2\/types\/product"}],"replies":[{"embeddable":true,"href":"https:\/\/esteticaema.com\/site\/wp-json\/wp\/v2\/comments?post=3021"}],"wp:featuredmedia":[{"embeddable":true,"href":"https:\/\/esteticaema.com\/site\/wp-json\/wp\/v2\/media\/3022"}],"wp:attachment":[{"href":"https:\/\/esteticaema.com\/site\/wp-json\/wp\/v2\/media?parent=3021"}],"wp:term":[{"taxonomy":"product_cat","embeddable":true,"href":"https:\/\/esteticaema.com\/site\/wp-json\/wp\/v2\/product_cat?post=3021"},{"taxonomy":"product_tag","embeddable":true,"href":"https:\/\/esteticaema.com\/site\/wp-json\/wp\/v2\/product_tag?post=3021"}],"curies":[{"name":"wp","href":"https:\/\/api.w.org\/{rel}","templated":true}]}}