{"id":3016,"date":"2025-02-18T09:41:01","date_gmt":"2025-02-18T12:41:01","guid":{"rendered":"https:\/\/esteticaema.com\/site\/?post_type=product&#038;p=3016"},"modified":"2025-02-18T09:44:10","modified_gmt":"2025-02-18T12:44:10","slug":"crema-corporal-x-300gr-sulderm","status":"publish","type":"product","link":"https:\/\/esteticaema.com\/site\/producto\/crema-corporal-x-300gr-sulderm\/","title":{"rendered":"Crema Corporal x 300gr &#8211; Sulderm"},"content":{"rendered":"<p>Una formula super hidratante, de r\u00e1pida absorci\u00f3n que no deja efecto graso, para una piel suave, hidratada y radiante durante todo el d\u00eda. Contiene un blend de activos hidratantes y nutritivos, rico en omegas, micronutrientes esenciales y amino\u00e1cidos que reparan la funci\u00f3n barrera de la piel, la mantienen hidratada y devuelve su elasticidad.<\/p>\n","protected":false},"excerpt":{"rendered":"<p>Una formula super hidratante, de r\u00e1pida absorci\u00f3n que no deja efecto graso, para una piel suave, hidratada y radiante durante todo el d\u00eda.<\/p>\n","protected":false},"featured_media":3017,"comment_status":"closed","ping_status":"closed","template":"","meta":[],"product_cat":[83],"product_tag":[],"class_list":{"0":"post-3016","1":"product","2":"type-product","3":"status-publish","4":"has-post-thumbnail","6":"product_cat-corporales","8":"first","9":"instock","10":"shipping-taxable","11":"purchasable","12":"product-type-simple"},"_links":{"self":[{"href":"https:\/\/esteticaema.com\/site\/wp-json\/wp\/v2\/product\/3016"}],"collection":[{"href":"https:\/\/esteticaema.com\/site\/wp-json\/wp\/v2\/product"}],"about":[{"href":"https:\/\/esteticaema.com\/site\/wp-json\/wp\/v2\/types\/product"}],"replies":[{"embeddable":true,"href":"https:\/\/esteticaema.com\/site\/wp-json\/wp\/v2\/comments?post=3016"}],"wp:featuredmedia":[{"embeddable":true,"href":"https:\/\/esteticaema.com\/site\/wp-json\/wp\/v2\/media\/3017"}],"wp:attachment":[{"href":"https:\/\/esteticaema.com\/site\/wp-json\/wp\/v2\/media?parent=3016"}],"wp:term":[{"taxonomy":"product_cat","embeddable":true,"href":"https:\/\/esteticaema.com\/site\/wp-json\/wp\/v2\/product_cat?post=3016"},{"taxonomy":"product_tag","embeddable":true,"href":"https:\/\/esteticaema.com\/site\/wp-json\/wp\/v2\/product_tag?post=3016"}],"curies":[{"name":"wp","href":"https:\/\/api.w.org\/{rel}","templated":true}]}}