{"id":3013,"date":"2025-02-18T09:37:10","date_gmt":"2025-02-18T12:37:10","guid":{"rendered":"https:\/\/esteticaema.com\/site\/?post_type=product&#038;p=3013"},"modified":"2025-02-18T09:39:55","modified_gmt":"2025-02-18T12:39:55","slug":"kit-anticelulitis-sulderm-crema-rodillo-masajeador","status":"publish","type":"product","link":"https:\/\/esteticaema.com\/site\/producto\/kit-anticelulitis-sulderm-crema-rodillo-masajeador\/","title":{"rendered":"Kit Anticelulitis Sulderm &#8211; Crema + rodillo masajeador"},"content":{"rendered":"<p><strong>Crema Anticelulitis. Sulderm<\/strong><\/p>\n<ul>\n<li>Crema corporal reductora de la celulitis de una doble eficacia: ayuda a mejorar visiblemente la apariencia de la piel de naranja y a su vez disminuye la retenci\u00f3n de l\u00edquidos mejorando la microcirculaci\u00f3n.<\/li>\n<li>Tratamiento reductor y reafirmante que promueve la lip\u00f3lisis, fortalece los capilares y mejora la elasticidad de la piel.<\/li>\n<\/ul>\n<p><strong>Modo de uso:\u00a0<\/strong>aplicar la crema de abajo hacia arriba con masajes circulares sobre la superficie de la piel a tratar hasta su completa absorci\u00f3n. Durante el masaje se activara la circulaci\u00f3n, generando un efecto rubor y calor en la zona tratada. Al finalizar se generar\u00e1 un efecto fr\u00edo para relajar la zona.<\/p>\n","protected":false},"excerpt":{"rendered":"<p>Crema corporal reductora de la celulitis de una doble eficacia<\/p>\n","protected":false},"featured_media":3014,"comment_status":"closed","ping_status":"closed","template":"","meta":[],"product_cat":[83],"product_tag":[],"class_list":{"0":"post-3013","1":"product","2":"type-product","3":"status-publish","4":"has-post-thumbnail","6":"product_cat-corporales","8":"first","9":"instock","10":"shipping-taxable","11":"purchasable","12":"product-type-simple"},"_links":{"self":[{"href":"https:\/\/esteticaema.com\/site\/wp-json\/wp\/v2\/product\/3013"}],"collection":[{"href":"https:\/\/esteticaema.com\/site\/wp-json\/wp\/v2\/product"}],"about":[{"href":"https:\/\/esteticaema.com\/site\/wp-json\/wp\/v2\/types\/product"}],"replies":[{"embeddable":true,"href":"https:\/\/esteticaema.com\/site\/wp-json\/wp\/v2\/comments?post=3013"}],"wp:featuredmedia":[{"embeddable":true,"href":"https:\/\/esteticaema.com\/site\/wp-json\/wp\/v2\/media\/3014"}],"wp:attachment":[{"href":"https:\/\/esteticaema.com\/site\/wp-json\/wp\/v2\/media?parent=3013"}],"wp:term":[{"taxonomy":"product_cat","embeddable":true,"href":"https:\/\/esteticaema.com\/site\/wp-json\/wp\/v2\/product_cat?post=3013"},{"taxonomy":"product_tag","embeddable":true,"href":"https:\/\/esteticaema.com\/site\/wp-json\/wp\/v2\/product_tag?post=3013"}],"curies":[{"name":"wp","href":"https:\/\/api.w.org\/{rel}","templated":true}]}}