{"id":2942,"date":"2023-12-22T14:28:28","date_gmt":"2023-12-22T17:28:28","guid":{"rendered":"https:\/\/esteticaema.com\/site\/?post_type=product&#038;p=2942"},"modified":"2025-02-18T09:29:04","modified_gmt":"2025-02-18T12:29:04","slug":"espuma-miselar-facial-x-150ml-quimeral-skin","status":"publish","type":"product","link":"https:\/\/esteticaema.com\/site\/producto\/espuma-miselar-facial-x-150ml-quimeral-skin\/","title":{"rendered":"Espuma miselar facial x 150ml &#8211; QUIMERAL SKIN"},"content":{"rendered":"<p>La Espuma Micelar Phyto-Detox limpia y detoxifica la piel de los efectos de la poluci\u00f3n. Remueve restos de maquillaje. Elimina los excesos de grasitud. Rica en oligoelementos, es antioxidante y estimula la producci\u00f3n de col\u00e1geno. Refuerza la barrera hidrolip\u00eddica de la piel, dejando efecto film\u00f3geno no oclusivo; reproduce el Factor Hidratante Natural de la piel<\/p>\n<p>INDICACIONES: Todo tipo de piel: sensibles, grasas, normales, maduras. De uso diurno y nocturno. Presentaci\u00f3n 150 ml.<\/p>\n","protected":false},"excerpt":{"rendered":"<p>La Espuma Micelar Phyto-Detox limpia y detoxifica la piel de los efectos de la poluci\u00f3n. Remueve restos de maquillaje. Elimina los excesos de grasitud. Rica en oligoelementos, es antioxidante y estimula la producci\u00f3n de col\u00e1geno. Refuerza la barrera hidrolip\u00eddica de la piel, dejando efecto film\u00f3geno no oclusivo; reproduce el Factor Hidratante Natural de la piel [&hellip;]<\/p>\n","protected":false},"featured_media":2947,"comment_status":"closed","ping_status":"closed","template":"","meta":[],"product_cat":[82],"product_tag":[],"class_list":{"0":"post-2942","1":"product","2":"type-product","3":"status-publish","4":"has-post-thumbnail","6":"product_cat-faciales","8":"first","9":"instock","10":"shipping-taxable","11":"purchasable","12":"product-type-simple"},"_links":{"self":[{"href":"https:\/\/esteticaema.com\/site\/wp-json\/wp\/v2\/product\/2942"}],"collection":[{"href":"https:\/\/esteticaema.com\/site\/wp-json\/wp\/v2\/product"}],"about":[{"href":"https:\/\/esteticaema.com\/site\/wp-json\/wp\/v2\/types\/product"}],"replies":[{"embeddable":true,"href":"https:\/\/esteticaema.com\/site\/wp-json\/wp\/v2\/comments?post=2942"}],"wp:featuredmedia":[{"embeddable":true,"href":"https:\/\/esteticaema.com\/site\/wp-json\/wp\/v2\/media\/2947"}],"wp:attachment":[{"href":"https:\/\/esteticaema.com\/site\/wp-json\/wp\/v2\/media?parent=2942"}],"wp:term":[{"taxonomy":"product_cat","embeddable":true,"href":"https:\/\/esteticaema.com\/site\/wp-json\/wp\/v2\/product_cat?post=2942"},{"taxonomy":"product_tag","embeddable":true,"href":"https:\/\/esteticaema.com\/site\/wp-json\/wp\/v2\/product_tag?post=2942"}],"curies":[{"name":"wp","href":"https:\/\/api.w.org\/{rel}","templated":true}]}}