{"id":2939,"date":"2023-12-22T14:19:50","date_gmt":"2023-12-22T17:19:50","guid":{"rendered":"https:\/\/esteticaema.com\/site\/?post_type=product&#038;p=2939"},"modified":"2025-11-10T09:04:07","modified_gmt":"2025-11-10T12:04:07","slug":"balsamo-contorno-de-ojos-x-30ml-quimeral-skin","status":"publish","type":"product","link":"https:\/\/esteticaema.com\/site\/producto\/balsamo-contorno-de-ojos-x-30ml-quimeral-skin\/","title":{"rendered":"Balsamo contorno de ojos x 30ml &#8211; QUIMERAL SKIN"},"content":{"rendered":"<p>El B\u00e1lsamo Phyto-Descongestive para contorno de ojos, trata de forma integral el \u00e1rea peri ocular: descongestiona la inflamaci\u00f3n de las bolsas palpebrales, mejora la pigmentaci\u00f3n en parpados, reduce eficazmente las l\u00edneas de expresi\u00f3n y mejora la turgencia del tejido. Efecto So Focus.<\/p>\n<p>INDICACIONES: Uso diario, d\u00eda y noche. Contorno de ojos: bolsas, ojeras, arrugas. Presentaci\u00f3n 30 ml<\/p>\n","protected":false},"excerpt":{"rendered":"<p>El B\u00e1lsamo Phyto-Descongestive para contorno de ojos, trata de forma integral el \u00e1rea peri ocular: descongestiona la inflamaci\u00f3n de las bolsas palpebrales, mejora la pigmentaci\u00f3n en parpados, reduce eficazmente las l\u00edneas de expresi\u00f3n y mejora la turgencia del tejido. Efecto So Focus. INDICACIONES: Uso diario, d\u00eda y noche. Contorno de ojos: bolsas, ojeras, arrugas. Presentaci\u00f3n [&hellip;]<\/p>\n","protected":false},"featured_media":2940,"comment_status":"closed","ping_status":"closed","template":"","meta":[],"product_cat":[82],"product_tag":[],"class_list":{"0":"post-2939","1":"product","2":"type-product","3":"status-publish","4":"has-post-thumbnail","6":"product_cat-faciales","8":"first","9":"outofstock","10":"shipping-taxable","11":"purchasable","12":"product-type-simple"},"_links":{"self":[{"href":"https:\/\/esteticaema.com\/site\/wp-json\/wp\/v2\/product\/2939"}],"collection":[{"href":"https:\/\/esteticaema.com\/site\/wp-json\/wp\/v2\/product"}],"about":[{"href":"https:\/\/esteticaema.com\/site\/wp-json\/wp\/v2\/types\/product"}],"replies":[{"embeddable":true,"href":"https:\/\/esteticaema.com\/site\/wp-json\/wp\/v2\/comments?post=2939"}],"wp:featuredmedia":[{"embeddable":true,"href":"https:\/\/esteticaema.com\/site\/wp-json\/wp\/v2\/media\/2940"}],"wp:attachment":[{"href":"https:\/\/esteticaema.com\/site\/wp-json\/wp\/v2\/media?parent=2939"}],"wp:term":[{"taxonomy":"product_cat","embeddable":true,"href":"https:\/\/esteticaema.com\/site\/wp-json\/wp\/v2\/product_cat?post=2939"},{"taxonomy":"product_tag","embeddable":true,"href":"https:\/\/esteticaema.com\/site\/wp-json\/wp\/v2\/product_tag?post=2939"}],"curies":[{"name":"wp","href":"https:\/\/api.w.org\/{rel}","templated":true}]}}