{"id":2904,"date":"2023-05-04T18:24:21","date_gmt":"2023-05-04T21:24:21","guid":{"rendered":"https:\/\/esteticaema.com\/site\/?post_type=product&#038;p=2904"},"modified":"2025-02-18T09:26:34","modified_gmt":"2025-02-18T12:26:34","slug":"acneplur-serum-sec-x-30gr","status":"publish","type":"product","link":"https:\/\/esteticaema.com\/site\/producto\/acneplur-serum-sec-x-30gr\/","title":{"rendered":"Acneplur Serum Sec x 30gr"},"content":{"rendered":"<p>acneplur serum sec.<br \/>\nTratamiento intensivo para el acn\u00e9.<\/p>\n<p>Acci\u00f3n seborreguladora y astringente.<br \/>\nFacial.<\/p>\n<p>Serum concentrado que ayuda a disminuir los s\u00edntomas del acn\u00e9. Formulado con un complejo de AHA y BHA, Zinc y Niacinamida que ofrecen una acci\u00f3n queratol\u00edtica y seborreguladora, ayudando a reducir poros e imperfecciones.<br \/>\nNiacinamida 4%, Gluconolactona 3%, Salicilico 2%, Mandelico 2%<\/p>\n","protected":false},"excerpt":{"rendered":"<p>acneplur serum sec. Tratamiento intensivo para el acn\u00e9. Acci\u00f3n seborreguladora y astringente. Facial. Serum concentrado que ayuda a disminuir los s\u00edntomas del acn\u00e9. Formulado con un complejo de AHA y BHA, Zinc y Niacinamida que ofrecen una acci\u00f3n queratol\u00edtica y seborreguladora, ayudando a reducir poros e imperfecciones. Niacinamida 4%, Gluconolactona 3%, Salicilico 2%, Mandelico 2%<\/p>\n","protected":false},"featured_media":2905,"comment_status":"closed","ping_status":"closed","template":"","meta":[],"product_cat":[82],"product_tag":[],"class_list":{"0":"post-2904","1":"product","2":"type-product","3":"status-publish","4":"has-post-thumbnail","6":"product_cat-faciales","8":"first","9":"instock","10":"shipping-taxable","11":"purchasable","12":"product-type-simple"},"_links":{"self":[{"href":"https:\/\/esteticaema.com\/site\/wp-json\/wp\/v2\/product\/2904"}],"collection":[{"href":"https:\/\/esteticaema.com\/site\/wp-json\/wp\/v2\/product"}],"about":[{"href":"https:\/\/esteticaema.com\/site\/wp-json\/wp\/v2\/types\/product"}],"replies":[{"embeddable":true,"href":"https:\/\/esteticaema.com\/site\/wp-json\/wp\/v2\/comments?post=2904"}],"wp:featuredmedia":[{"embeddable":true,"href":"https:\/\/esteticaema.com\/site\/wp-json\/wp\/v2\/media\/2905"}],"wp:attachment":[{"href":"https:\/\/esteticaema.com\/site\/wp-json\/wp\/v2\/media?parent=2904"}],"wp:term":[{"taxonomy":"product_cat","embeddable":true,"href":"https:\/\/esteticaema.com\/site\/wp-json\/wp\/v2\/product_cat?post=2904"},{"taxonomy":"product_tag","embeddable":true,"href":"https:\/\/esteticaema.com\/site\/wp-json\/wp\/v2\/product_tag?post=2904"}],"curies":[{"name":"wp","href":"https:\/\/api.w.org\/{rel}","templated":true}]}}