{"id":2763,"date":"2022-09-20T19:32:37","date_gmt":"2022-09-20T22:32:37","guid":{"rendered":"https:\/\/esteticaema.com\/site\/?post_type=product&#038;p=2763"},"modified":"2025-02-18T09:24:58","modified_gmt":"2025-02-18T12:24:58","slug":"lips-glow-hidratacion-volumen-3d-x-7gr","status":"publish","type":"product","link":"https:\/\/esteticaema.com\/site\/producto\/lips-glow-hidratacion-volumen-3d-x-7gr\/","title":{"rendered":"Lips Glow Hidrataci\u00f3n + Volumen 3D  x 7gr"},"content":{"rendered":"","protected":false},"excerpt":{"rendered":"<p>Sulderm Lips Glow es un b\u00e1lsamo labial con un alto poder hidratante y nutritivo que refuerza la funci\u00f3n de barrera, reparando y mejorando el aspecto de los labios.<br \/>\nCon efecto voluminizador 3D y antienvejecimiento. Ideal para complementar tratamientos de rellenos de labios.<\/p>\n<p>Contiene:<br \/>\n-Manteca de Karit\u00e9, Aceite de Jojoba y Dragon Blood: complejo nutritivo con alto poder regenerador y emoliente, que mejora la textura de los labios secos y agrietados, proporcionando suavidsd y luminosidad.<br \/>\n-Volulip: Peptido combinado con un extracto de portulaca pilosa (antioxidante) que promueve la hidrataci\u00f3n, suavidad\u00a0y aumenta el volumen de los labios, mejorando textura de los mismos.<br \/>\n-Hilurlip: Suspenci\u00f3n de \u00e1cido hialur\u00f3nico con una alta penetraci\u00f3n y eficacia para aumentar la hidrataci\u00f3n y el volumen, promoviendo la generaci\u00f3n end\u00f3gena de HA y brindando un relleno natural.<\/p>\n","protected":false},"featured_media":2764,"comment_status":"open","ping_status":"closed","template":"","meta":[],"product_cat":[82],"product_tag":[],"class_list":{"0":"post-2763","1":"product","2":"type-product","3":"status-publish","4":"has-post-thumbnail","6":"product_cat-faciales","8":"first","9":"instock","10":"shipping-taxable","11":"purchasable","12":"product-type-simple"},"_links":{"self":[{"href":"https:\/\/esteticaema.com\/site\/wp-json\/wp\/v2\/product\/2763"}],"collection":[{"href":"https:\/\/esteticaema.com\/site\/wp-json\/wp\/v2\/product"}],"about":[{"href":"https:\/\/esteticaema.com\/site\/wp-json\/wp\/v2\/types\/product"}],"replies":[{"embeddable":true,"href":"https:\/\/esteticaema.com\/site\/wp-json\/wp\/v2\/comments?post=2763"}],"wp:featuredmedia":[{"embeddable":true,"href":"https:\/\/esteticaema.com\/site\/wp-json\/wp\/v2\/media\/2764"}],"wp:attachment":[{"href":"https:\/\/esteticaema.com\/site\/wp-json\/wp\/v2\/media?parent=2763"}],"wp:term":[{"taxonomy":"product_cat","embeddable":true,"href":"https:\/\/esteticaema.com\/site\/wp-json\/wp\/v2\/product_cat?post=2763"},{"taxonomy":"product_tag","embeddable":true,"href":"https:\/\/esteticaema.com\/site\/wp-json\/wp\/v2\/product_tag?post=2763"}],"curies":[{"name":"wp","href":"https:\/\/api.w.org\/{rel}","templated":true}]}}