{"id":2760,"date":"2022-09-20T19:29:09","date_gmt":"2022-09-20T22:29:09","guid":{"rendered":"https:\/\/esteticaema.com\/site\/?post_type=product&#038;p=2760"},"modified":"2024-08-09T17:49:31","modified_gmt":"2024-08-09T20:49:31","slug":"espuma-de-limpieza-3x1-x120gr","status":"publish","type":"product","link":"https:\/\/esteticaema.com\/site\/producto\/espuma-de-limpieza-3x1-x120gr\/","title":{"rendered":"Espuma de Limpieza 3&#215;1 x120gr"},"content":{"rendered":"","protected":false},"excerpt":{"rendered":"<p>La Espuma de Limpieza 3 en 1 de Sulderm, limpia, desmaquilla e hidrata.<\/p>\n<p>Su f\u00f3rmula en espuma retira r\u00e1pida, suave y f\u00e1cilmente el maquillaje.<\/p>\n<p>Deja la piel visiblemente m\u00e1s fresca, limpia e hidratada.<\/p>\n<p>Apto para pieles sensibles.<\/p>\n","protected":false},"featured_media":2777,"comment_status":"open","ping_status":"closed","template":"","meta":[],"product_cat":[82],"product_tag":[],"class_list":{"0":"post-2760","1":"product","2":"type-product","3":"status-publish","4":"has-post-thumbnail","6":"product_cat-faciales","8":"first","9":"outofstock","10":"shipping-taxable","11":"purchasable","12":"product-type-simple"},"_links":{"self":[{"href":"https:\/\/esteticaema.com\/site\/wp-json\/wp\/v2\/product\/2760"}],"collection":[{"href":"https:\/\/esteticaema.com\/site\/wp-json\/wp\/v2\/product"}],"about":[{"href":"https:\/\/esteticaema.com\/site\/wp-json\/wp\/v2\/types\/product"}],"replies":[{"embeddable":true,"href":"https:\/\/esteticaema.com\/site\/wp-json\/wp\/v2\/comments?post=2760"}],"wp:featuredmedia":[{"embeddable":true,"href":"https:\/\/esteticaema.com\/site\/wp-json\/wp\/v2\/media\/2777"}],"wp:attachment":[{"href":"https:\/\/esteticaema.com\/site\/wp-json\/wp\/v2\/media?parent=2760"}],"wp:term":[{"taxonomy":"product_cat","embeddable":true,"href":"https:\/\/esteticaema.com\/site\/wp-json\/wp\/v2\/product_cat?post=2760"},{"taxonomy":"product_tag","embeddable":true,"href":"https:\/\/esteticaema.com\/site\/wp-json\/wp\/v2\/product_tag?post=2760"}],"curies":[{"name":"wp","href":"https:\/\/api.w.org\/{rel}","templated":true}]}}