{"id":2274,"date":"2021-03-29T15:47:57","date_gmt":"2021-03-29T18:47:57","guid":{"rendered":"http:\/\/esteticaema.com\/site\/?post_type=product&#038;p=2274"},"modified":"2025-02-18T09:09:58","modified_gmt":"2025-02-18T12:09:58","slug":"biotic-balance-dia-x-30gr","status":"publish","type":"product","link":"https:\/\/esteticaema.com\/site\/producto\/biotic-balance-dia-x-30gr\/","title":{"rendered":"BIOTIC BALANCE D\u00cdA X 30 GR."},"content":{"rendered":"<p>Hidrata y fortalece.<\/p>\n<p><strong>Componentes:<\/strong><br \/>\nProbi\u00f3tico: lisado de bifidobacterias, incrementa la reparaci\u00f3n celular y mejora la respuesta inmune.<br \/>\nPrebi\u00f3tico: inulina, estimula el crecimiento de las bacterias beneficiosas para la piel, inhibiendo el desarrollo de bacterias oportunistas.<br \/>\nAmino\u00e1cidos de prote\u00ednas de yogurt: cumplen funci\u00f3n antioxidante y estimulante de la s\u00edntesis de col\u00e1geno.<br \/>\nExtracto de Maca, Jengibre y Arginina: act\u00faan como energizantes celulares.<\/p>\n<p><strong>Modo de Uso:<\/strong><br \/>\nAplicar diariamente sobre la piel limpia de la cara, papada, cuello y escote.<\/p>\n","protected":false},"excerpt":{"rendered":"<p>Hidrata y fortalece.<\/p>\n","protected":false},"featured_media":2438,"comment_status":"open","ping_status":"closed","template":"","meta":[],"product_cat":[82],"product_tag":[],"class_list":{"0":"post-2274","1":"product","2":"type-product","3":"status-publish","4":"has-post-thumbnail","6":"product_cat-faciales","8":"first","9":"instock","10":"shipping-taxable","11":"purchasable","12":"product-type-simple"},"_links":{"self":[{"href":"https:\/\/esteticaema.com\/site\/wp-json\/wp\/v2\/product\/2274"}],"collection":[{"href":"https:\/\/esteticaema.com\/site\/wp-json\/wp\/v2\/product"}],"about":[{"href":"https:\/\/esteticaema.com\/site\/wp-json\/wp\/v2\/types\/product"}],"replies":[{"embeddable":true,"href":"https:\/\/esteticaema.com\/site\/wp-json\/wp\/v2\/comments?post=2274"}],"wp:featuredmedia":[{"embeddable":true,"href":"https:\/\/esteticaema.com\/site\/wp-json\/wp\/v2\/media\/2438"}],"wp:attachment":[{"href":"https:\/\/esteticaema.com\/site\/wp-json\/wp\/v2\/media?parent=2274"}],"wp:term":[{"taxonomy":"product_cat","embeddable":true,"href":"https:\/\/esteticaema.com\/site\/wp-json\/wp\/v2\/product_cat?post=2274"},{"taxonomy":"product_tag","embeddable":true,"href":"https:\/\/esteticaema.com\/site\/wp-json\/wp\/v2\/product_tag?post=2274"}],"curies":[{"name":"wp","href":"https:\/\/api.w.org\/{rel}","templated":true}]}}