{"id":2263,"date":"2021-03-29T15:31:27","date_gmt":"2021-03-29T18:31:27","guid":{"rendered":"http:\/\/esteticaema.com\/site\/?post_type=product&#038;p=2263"},"modified":"2025-02-18T09:14:55","modified_gmt":"2025-02-18T12:14:55","slug":"lumiere-visage-no-mas-arrugas-x-25grs","status":"publish","type":"product","link":"https:\/\/esteticaema.com\/site\/producto\/lumiere-visage-no-mas-arrugas-x-25grs\/","title":{"rendered":"LUMIERE VISAGE CONTORNO DE OJOS X 30 GR."},"content":{"rendered":"<p><strong>LUMIERE VISAGE\u00a0<\/strong><strong>NO M\u00c1S ARRUGAS | WRINKLES NO MORE<\/strong><br \/>\nCu\u00e1druple acci\u00f3n para borrar las arrugas.\u00a0Para todo tipo de piel<\/p>\n<p><strong>Resultados:<\/strong><br \/>\nRelajante Muscular + Reestructurante + Hidratante + Simulador \u00d3ptico<br \/>\nRelaja y rellena las arrugas, efecto rejuvenecedor.<\/p>\n<p><strong>Componentes:<\/strong><\/p>\n<p><strong>DuraQuench IQ<\/strong><\/p>\n<p><strong>Matrixyl 3.000<\/strong><\/p>\n<p><strong>Sea Chamomile Extract:<\/strong>\u00a0bloquea la sustancia P y la liberaci\u00f3n de acetilcolina, con r\u00e1pida relajaci\u00f3n muscular y reducci\u00f3n de las l\u00edneas y arrugas de expresi\u00f3n.<\/p>\n<p><strong>Part\u00edculas \u00d3pticas Activadas<\/strong>: absorben la radiaci\u00f3n UV, emiten y dispersan la luz visible, brindando la perfecta ilusi\u00f3n \u00f3ptica de reducci\u00f3n instant\u00e1nea de la profundidad de las arrugas.<\/p>\n<p><strong>Libre de Parabenos<\/strong><\/p>\n<h4><strong>Modo de Uso:<\/strong><\/h4>\n<p>Aplicar sobre todas las arrugas que molestan, especialmente las arrugas\u00a0de expresi\u00f3n de la frente, entrecejo, contorno de ojos, contorno de boca y surcos nasogenianos.<\/p>\n<p>Para lograr un efecto rejuvenecedor completo, complementar con LUMIERE VISAGE 48 HS\/LUMIERE VISAGE No M\u00e1s Arrugas.<\/p>\n","protected":false},"excerpt":{"rendered":"<p><strong>LUMIERE VISAGE\u00a0<\/strong><strong>NO M\u00c1S ARRUGAS | WRINKLES NO MORE<\/strong><br \/>\nCu\u00e1druple acci\u00f3n para borrar las arrugas.\u00a0Para todo tipo de piel<\/p>\n","protected":false},"featured_media":2444,"comment_status":"open","ping_status":"closed","template":"","meta":[],"product_cat":[82],"product_tag":[],"class_list":{"0":"post-2263","1":"product","2":"type-product","3":"status-publish","4":"has-post-thumbnail","6":"product_cat-faciales","8":"first","9":"instock","10":"shipping-taxable","11":"purchasable","12":"product-type-simple"},"_links":{"self":[{"href":"https:\/\/esteticaema.com\/site\/wp-json\/wp\/v2\/product\/2263"}],"collection":[{"href":"https:\/\/esteticaema.com\/site\/wp-json\/wp\/v2\/product"}],"about":[{"href":"https:\/\/esteticaema.com\/site\/wp-json\/wp\/v2\/types\/product"}],"replies":[{"embeddable":true,"href":"https:\/\/esteticaema.com\/site\/wp-json\/wp\/v2\/comments?post=2263"}],"wp:featuredmedia":[{"embeddable":true,"href":"https:\/\/esteticaema.com\/site\/wp-json\/wp\/v2\/media\/2444"}],"wp:attachment":[{"href":"https:\/\/esteticaema.com\/site\/wp-json\/wp\/v2\/media?parent=2263"}],"wp:term":[{"taxonomy":"product_cat","embeddable":true,"href":"https:\/\/esteticaema.com\/site\/wp-json\/wp\/v2\/product_cat?post=2263"},{"taxonomy":"product_tag","embeddable":true,"href":"https:\/\/esteticaema.com\/site\/wp-json\/wp\/v2\/product_tag?post=2263"}],"curies":[{"name":"wp","href":"https:\/\/api.w.org\/{rel}","templated":true}]}}