{"id":2261,"date":"2021-03-29T15:04:41","date_gmt":"2021-03-29T18:04:41","guid":{"rendered":"http:\/\/esteticaema.com\/site\/?post_type=product&#038;p=2261"},"modified":"2025-02-18T09:13:10","modified_gmt":"2025-02-18T12:13:10","slug":"lumiere-visage","status":"publish","type":"product","link":"https:\/\/esteticaema.com\/site\/producto\/lumiere-visage\/","title":{"rendered":"LUMIERE VISAGE CREMA HIDRATANTE 48 HS. X 50 GR."},"content":{"rendered":"<p><strong>Para todo tipo de piel | Libre de Parabenos<\/strong><br \/>\n<strong>Resultados:<\/strong><br \/>\nRelajante Muscular + Reestructurante + Hidratante + Simulador \u00d3ptico<br \/>\nRelaja y rellena las arrugas, efecto rejuvenecedor.<\/p>\n<p><strong>Componentes:<\/strong><\/p>\n<h4><strong>DuraQuench IQ:\u00a0<\/strong>efectivo complejo hidratante fosfo- lip\u00eddico. Optimiza la hidrataci\u00f3n y refuerza la barrera natural de la piel, permitiendo regular la p\u00e9rdida de agua y mantener la hidrataci\u00f3n hasta 48 hs despu\u00e9s que deja de aplic\u00e1rsela.<\/h4>\n<p><strong>Matrixyl 3.000<\/strong>: reconocido p\u00e9ptido, anti-envejecimiento. Regula la actividad de los fibroblastos. Restaura el metabolismo de la juventud de la piel estimulando la s\u00edntesis de diversas prote\u00ednas: Col\u00e1geno-I, -IV, -VII, -XVII y Nid\u00f3geno-I que normalmente disminuyen con la edad.<\/p>\n<p><strong>Modo de uso:<\/strong> Aplicar ma\u00f1ana y noche sobre la piel limpia de cara, cuello y escote.<\/p>\n","protected":false},"excerpt":{"rendered":"<p><strong>LUMIERE VISAGE 48 HS<\/strong><br \/>\nComplejo Hidratante y Antiarrugas cient\u00edficamente equilibrado que asegura hidrataci\u00f3n inmediata y perdurable hasta 48 hs.<\/p>\n","protected":false},"featured_media":2442,"comment_status":"open","ping_status":"closed","template":"","meta":[],"product_cat":[82],"product_tag":[],"class_list":{"0":"post-2261","1":"product","2":"type-product","3":"status-publish","4":"has-post-thumbnail","6":"product_cat-faciales","8":"first","9":"instock","10":"shipping-taxable","11":"purchasable","12":"product-type-simple"},"_links":{"self":[{"href":"https:\/\/esteticaema.com\/site\/wp-json\/wp\/v2\/product\/2261"}],"collection":[{"href":"https:\/\/esteticaema.com\/site\/wp-json\/wp\/v2\/product"}],"about":[{"href":"https:\/\/esteticaema.com\/site\/wp-json\/wp\/v2\/types\/product"}],"replies":[{"embeddable":true,"href":"https:\/\/esteticaema.com\/site\/wp-json\/wp\/v2\/comments?post=2261"}],"wp:featuredmedia":[{"embeddable":true,"href":"https:\/\/esteticaema.com\/site\/wp-json\/wp\/v2\/media\/2442"}],"wp:attachment":[{"href":"https:\/\/esteticaema.com\/site\/wp-json\/wp\/v2\/media?parent=2261"}],"wp:term":[{"taxonomy":"product_cat","embeddable":true,"href":"https:\/\/esteticaema.com\/site\/wp-json\/wp\/v2\/product_cat?post=2261"},{"taxonomy":"product_tag","embeddable":true,"href":"https:\/\/esteticaema.com\/site\/wp-json\/wp\/v2\/product_tag?post=2261"}],"curies":[{"name":"wp","href":"https:\/\/api.w.org\/{rel}","templated":true}]}}