{"id":2979,"date":"2024-05-20T15:04:54","date_gmt":"2024-05-20T18:04:54","guid":{"rendered":"https:\/\/esteticaema.com\/site\/?page_id=2979"},"modified":"2024-05-20T15:10:06","modified_gmt":"2024-05-20T18:10:06","slug":"nordlys-candela","status":"publish","type":"page","link":"https:\/\/esteticaema.com\/site\/faciales\/nordlys-candela\/","title":{"rendered":"Nordlys &#8211; Candela"},"content":{"rendered":"<p>[vc_section][vc_row equal_height=\u00bbyes\u00bb css=\u00bb.vc_custom_1609274046607{margin-right: 4% !important;margin-bottom: 60px !important;margin-left: 4% !important;}\u00bb][vc_column width=\u00bb2\/3&#8243;][vc_column_text]<strong>\u00bfQu\u00e9 es?<\/strong><br \/>\nLa piel de cada uno es diferente y no todas las afecciones cut\u00e1neas pueden tratarse de la misma forma. Por eso, Nordlys ofrece cuatro revolucionarias tecnolog\u00edas para cada caso.<\/p>\n<p>El Ellipse SWT\u00ae (abreviatura en ingl\u00e9s de Tecnolog\u00eda de onda de banda selectiva) utiliza avances selectivos para tratar con precisi\u00f3n \u00e1reas problem\u00e1ticas con longitudes de onda de luz estrechas.<br \/>\nResultado: menos calor en tu piel. Y menos tratamientos en comparaci\u00f3n con otros SWT.<\/p>\n<p>Los aplicadores Frax 1550 &#x2122; y Frax 1940 &#x2122; brindan r\u00e1fagas de energ\u00eda muy peque\u00f1as y controladas para el rejuvenecimiento de la piel. Los tratamientos se pueden personalizar para satisfacer sus necesidades espec\u00edficas. Los tratamientos toman solo un par de minutos, con un r\u00e1pido tiempo de curaci\u00f3n y recuperaci\u00f3n.<\/p>\n<p>El l\u00e1ser Nd: YAG 1064 &#x2122; est\u00e1 dise\u00f1ado para tratar 22 afecciones vasculares y de la piel. Su tecnolog\u00eda SoftCool &#x2122; incorporada proporciona una corriente de aire fresco para una mayor comodidad durante y despu\u00e9s del tratamiento.<\/p>\n<p><strong>Tratamientos:<\/strong><\/p>\n<ul>\n<li>Acn\u00e9:<\/li>\n<\/ul>\n<p>El dispositivo Nordlys trata suavemente el acn\u00e9 mediante la entrega de longitudes de onda de luz estrechas con el SWT. No se requieren anest\u00e9sicos t\u00f3picos y muchos pacientes describen el tratamiento como pr\u00e1cticamente indoloro, como un golpe con una banda de goma, seguido de una sensaci\u00f3n similar a la sensaci\u00f3n de calor suave despu\u00e9s de un d\u00eda en la playa.<\/p>\n<ul>\n<li>Rejuvenece la piel<\/li>\n<\/ul>\n<p>El tratamiento SWT hace que su piel luzca clara y brillante al entregar breves r\u00e1fagas de luz que se dirigen directamente a los vasos sangu\u00edneos o la melanina dentro de su piel. Ofrece resultados cl\u00ednicamente probados en el tratamiento del rejuvenecimiento de la piel. De hecho, en un estudio El 83% de los pacientes tuvo una mejor\u00eda superior al 50% en los vasos despejados.<\/p>\n<ul>\n<li>Reducci\u00f3n permanente del pelo indeseado<\/li>\n<\/ul>\n<p>El tratamiento SWT puede ayudar. Se dirige a los fol\u00edculos pilosos no deseados con breves r\u00e1fagas de luz. Los tratamientos son r\u00e1pidos, desde unos pocos minutos para el labio superior hasta unos 30 minutos para la espalda o ambas piernas. Y los resultados est\u00e1n cl\u00ednicamente probados.<\/p>\n<ul>\n<li class=\"h1-responsive mt-3 text-center border-top pt-3\">Reduce el enrojecimiento, las venas antiest\u00e9ticas, las marcas de nacimiento y m\u00e1s<\/li>\n<\/ul>\n<p class=\"text-justify\">La tecnolog\u00eda SWT y el l\u00e1ser Nd: YAG del sistema Nordlys pueden ayudar a mejorar la apariencia de las lesiones vasculares, entre las que se encuentran:<\/p>\n<ul>\n<li style=\"list-style-type: none;\">\n<ul>\n<li>\u00a0Manchas de vino de Oporto<\/li>\n<li>\u00a0Varices<\/li>\n<li>\u00a0Capilares rotos<\/li>\n<li>\u00a0Rojez difusa<\/li>\n<li>\u00a0Hemagiomas<\/li>\n<li>\u00a0Angiomas cereza<\/li>\n<\/ul>\n<\/li>\n<\/ul>\n<p>En estudios cl\u00ednicos, el 80% de los pacientes tuvieron una reducci\u00f3n superior al 50% en el n\u00famero de vasos9 y el 78% de los pacientes con ros\u00e1cea declararon estar muy satisfechos.10<\/p>\n<ul>\n<li>Exige un aspecto de piel juvenil, en textura y tono<\/li>\n<\/ul>\n<p>Con los tratamientos Frax 1550 y Frax 1940, puede tratarse: 2<\/p>\n<ul>\n<li style=\"list-style-type: none;\">\n<ul>\n<li>Irregularidades de textura suaves<\/li>\n<li>Rejuvenecer la piel da\u00f1ada por el sol<\/li>\n<li>Mejorar la textura de la piel<\/li>\n<\/ul>\n<\/li>\n<\/ul>\n<p>Est\u00e1 cl\u00ednicamente probado que el tratamiento mejora la apariencia de la piel con un tiempo de inactividad corto y efectos secundarios m\u00ednimos.[\/vc_column_text][vc_empty_space height=\u00bb35px\u00bb][\/vc_column][vc_column width=\u00bb1\/3&#8243; el_class=\u00bbimg-tratamiento\u00bb css=\u00bb.vc_custom_1609269255269{background-position: center !important;background-repeat: no-repeat !important;background-size: cover !important;}\u00bb][\/vc_column][\/vc_row][\/vc_section][vc_section][vc_row equal_height=\u00bbyes\u00bb content_placement=\u00bbmiddle\u00bb css=\u00bb.vc_custom_1616766282501{margin-right: 5% !important;margin-left: 5% !important;padding-top: 40px !important;padding-bottom: 40px !important;background-image: url(http:\/\/esteticaema.com\/site\/wp-content\/uploads\/2020\/12\/bg-form-tratamiento2.jpg?id=1753) !important;background-position: center !important;background-repeat: no-repeat !important;background-size: cover !important;}\u00bb][vc_column width=\u00bb1\/3&#8243;][vc_custom_heading text=\u00bbSolicit\u00e1 tu turno\u00bb font_container=\u00bbtag:h2|font_size:45px|text_align:center|color:%239f9386&#8243; use_theme_fonts=\u00bbyes\u00bb el_class=\u00bbtitulo-manuscrito\u00bb][vc_custom_heading text=\u00bbo m\u00e1s informaci\u00f3n\u00bb font_container=\u00bbtag:h2|font_size:30px|text_align:center|color:%239f9386&#8243; use_theme_fonts=\u00bbyes\u00bb][vc_custom_heading text=\u00bbpara este tratamiento\u00bb font_container=\u00bbtag:h2|font_size:45px|text_align:center|color:%239f9386&#8243; use_theme_fonts=\u00bbyes\u00bb el_class=\u00bbtitulo-manuscrito\u00bb css=\u00bb.vc_custom_1616765244469{margin-bottom: 30px !important;}\u00bb][\/vc_column][vc_column width=\u00bb2\/3&#8243;]\n<div class=\"wpcf7 no-js\" id=\"wpcf7-f2085-o1\" lang=\"es-ES\" dir=\"ltr\">\n<div class=\"screen-reader-response\"><p role=\"status\" aria-live=\"polite\" aria-atomic=\"true\"><\/p> <ul><\/ul><\/div>\n<form action=\"\/site\/wp-json\/wp\/v2\/pages\/2979#wpcf7-f2085-o1\" method=\"post\" class=\"wpcf7-form init\" aria-label=\"Formulario de contacto\" novalidate=\"novalidate\" data-status=\"init\">\n<div style=\"display: none;\">\n<input type=\"hidden\" name=\"_wpcf7\" value=\"2085\" \/>\n<input type=\"hidden\" name=\"_wpcf7_version\" value=\"5.9.7\" \/>\n<input type=\"hidden\" name=\"_wpcf7_locale\" value=\"es_ES\" \/>\n<input type=\"hidden\" name=\"_wpcf7_unit_tag\" value=\"wpcf7-f2085-o1\" \/>\n<input type=\"hidden\" name=\"_wpcf7_container_post\" value=\"0\" \/>\n<input type=\"hidden\" name=\"_wpcf7_posted_data_hash\" value=\"\" \/>\n<input type=\"hidden\" name=\"_wpcf7_recaptcha_response\" value=\"\" \/>\n<\/div>\n<div class=\"contact-light\">\n\t<div class=\"field grid\">\n\t\t<div class=\"field line\">\n\t\t\t<p><label>Deseo<\/label><br \/>\n<span class=\"wpcf7-form-control-wrap\" data-name=\"deseo\"><select class=\"wpcf7-form-control wpcf7-select\" aria-invalid=\"false\" name=\"deseo\"><option value=\"Que me contacten por tel\u00e9fono\">Que me contacten por tel\u00e9fono<\/option><option value=\"Que me env\u00eden un WhatsApp\">Que me env\u00eden un WhatsApp<\/option><option value=\"Que me respondan por e-mail\">Que me respondan por e-mail<\/option><\/select><\/span>\n\t\t\t<\/p>\n\t\t<\/div>\n\t\t<div class=\"field line\">\n\t\t\t<p><label>Me interesa<\/label><br \/>\n<span class=\"wpcf7-form-control-wrap\" data-name=\"interesa\"><select class=\"wpcf7-form-control wpcf7-select\" aria-invalid=\"false\" name=\"interesa\"><option value=\"Recibir m\u00e1s informaci\u00f3n sobre este tratamiento\">Recibir m\u00e1s informaci\u00f3n sobre este tratamiento<\/option><option value=\"Solicitar turno para este tratamiento\">Solicitar turno para este tratamiento<\/option><option value=\"Obtener asesoramiento personalizado\">Obtener asesoramiento personalizado<\/option><\/select><\/span>\n\t\t\t<\/p>\n\t\t<\/div>\n\t<\/div>\n\t<div style=\"height: 15px\">\n\t<\/div>\n\t<div class=\"field grid\">\n\t\t<div class=\"field\">\n\t\t\t<p><span class=\"wpcf7-form-control-wrap\" data-name=\"nombre\"><input size=\"40\" maxlength=\"400\" class=\"wpcf7-form-control wpcf7-text wpcf7-validates-as-required\" aria-required=\"true\" aria-invalid=\"false\" placeholder=\"* Tu Nombre Completo\" value=\"\" type=\"text\" name=\"nombre\" \/><\/span>\n\t\t\t<\/p>\n\t\t<\/div>\n\t\t<div class=\"field\">\n\t\t\t<p><span class=\"wpcf7-form-control-wrap\" data-name=\"email\"><input size=\"40\" maxlength=\"400\" class=\"wpcf7-form-control wpcf7-email wpcf7-validates-as-required wpcf7-text wpcf7-validates-as-email\" aria-required=\"true\" aria-invalid=\"false\" placeholder=\"* Tu Email\" value=\"\" type=\"email\" name=\"email\" \/><\/span>\n\t\t\t<\/p>\n\t\t<\/div>\n\t<\/div>\n\t<div class=\"field grid\">\n\t\t<div class=\"field\">\n\t\t\t<p><span class=\"wpcf7-form-control-wrap\" data-name=\"telefono\"><input size=\"40\" maxlength=\"400\" class=\"wpcf7-form-control wpcf7-tel wpcf7-validates-as-required wpcf7-text wpcf7-validates-as-tel\" aria-required=\"true\" aria-invalid=\"false\" placeholder=\"* Tel\u00e9fono de Contacto\" value=\"\" type=\"tel\" name=\"telefono\" \/><\/span>\n\t\t\t<\/p>\n\t\t<\/div>\n\t\t<div class=\"field\">\n\t\t\t<p><input class=\"wpcf7-form-control wpcf7-submit has-spinner\" type=\"submit\" value=\"Enviar Consulta\" \/>\n\t\t\t<\/p>\n\t\t<\/div>\n\t<\/div>\n<\/div><div class=\"wpcf7-response-output\" aria-hidden=\"true\"><\/div>\n<\/form>\n<\/div>\n[\/vc_column][\/vc_row][\/vc_section]<\/p>\n","protected":false},"excerpt":{"rendered":"<p>[vc_section][vc_row equal_height=\u00bbyes\u00bb css=\u00bb.vc_custom_1609274046607{margin-right: 4% !important;margin-bottom: 60px !important;margin-left: 4% !important;}\u00bb][vc_column width=\u00bb2\/3&#8243;][vc_column_text]\u00bfQu\u00e9 es? La piel de cada uno es diferente y no todas las afecciones cut\u00e1neas pueden tratarse de la misma forma. Por eso, Nordlys ofrece cuatro revolucionarias tecnolog\u00edas para cada caso. El Ellipse SWT\u00ae (abreviatura en ingl\u00e9s de Tecnolog\u00eda de onda de banda selectiva) utiliza avances [&hellip;]<\/p>\n","protected":false},"author":2,"featured_media":0,"parent":1360,"menu_order":0,"comment_status":"closed","ping_status":"closed","template":"tmpl\/template-fullwidth.php","meta":{"footnotes":""},"class_list":["post-2979","page","type-page","status-publish","hentry"],"_links":{"self":[{"href":"https:\/\/esteticaema.com\/site\/wp-json\/wp\/v2\/pages\/2979"}],"collection":[{"href":"https:\/\/esteticaema.com\/site\/wp-json\/wp\/v2\/pages"}],"about":[{"href":"https:\/\/esteticaema.com\/site\/wp-json\/wp\/v2\/types\/page"}],"author":[{"embeddable":true,"href":"https:\/\/esteticaema.com\/site\/wp-json\/wp\/v2\/users\/2"}],"replies":[{"embeddable":true,"href":"https:\/\/esteticaema.com\/site\/wp-json\/wp\/v2\/comments?post=2979"}],"version-history":[{"count":4,"href":"https:\/\/esteticaema.com\/site\/wp-json\/wp\/v2\/pages\/2979\/revisions"}],"predecessor-version":[{"id":2983,"href":"https:\/\/esteticaema.com\/site\/wp-json\/wp\/v2\/pages\/2979\/revisions\/2983"}],"up":[{"embeddable":true,"href":"https:\/\/esteticaema.com\/site\/wp-json\/wp\/v2\/pages\/1360"}],"wp:attachment":[{"href":"https:\/\/esteticaema.com\/site\/wp-json\/wp\/v2\/media?parent=2979"}],"curies":[{"name":"wp","href":"https:\/\/api.w.org\/{rel}","templated":true}]}}