{"id":2421,"date":"2021-05-09T00:14:30","date_gmt":"2021-05-09T03:14:30","guid":{"rendered":"http:\/\/esteticaema.com\/site\/?page_id=2421"},"modified":"2022-03-14T17:59:27","modified_gmt":"2022-03-14T20:59:27","slug":"dermapen","status":"publish","type":"page","link":"https:\/\/esteticaema.com\/site\/faciales\/dermapen\/","title":{"rendered":"Dermapen"},"content":{"rendered":"<p>[vc_section][vc_row equal_height=\u00bbyes\u00bb css=\u00bb.vc_custom_1609274046607{margin-right: 4% !important;margin-bottom: 60px !important;margin-left: 4% !important;}\u00bb][vc_column width=\u00bb2\/3&#8243;][vc_column_text]El dermapen es un dispositivo el\u00e9ctrico que en su extremo produce un movimiento oscilante tipo \u201cpicoteo\u201d, el cual realiza peque\u00f1as punturas en la piel, con el objetivo de inducir reacciones de reparaci\u00f3n cut\u00e1nea y producci\u00f3n de nuevos componentes estructurales.<br \/>\nSe puede sumar al tratamiento distintos principios activos: vit C, ac Hialur\u00f3nico, y plasma rico en plaquetas entre otros.<\/p>\n<p><strong>\u00bfPara qu\u00e9 se indica?<\/strong><br \/>\nSe indica:<br \/>\n* Tratamiento de cicatrices.<br \/>\n* Tratamiento de estr\u00edas.<br \/>\n* Reparaci\u00f3n cut\u00e1nea.<\/p>\n<p><strong>\u00bfQu\u00e9 cuidados debo tener?<\/strong><br \/>\nAl generar peque\u00f1as punturas se aconseja no exponerse al sol, no realizar tratamiento con \u00e1cidos los 7 d\u00edas posteriores.[\/vc_column_text][vc_empty_space height=\u00bb35px\u00bb][\/vc_column][vc_column width=\u00bb1\/3&#8243; el_class=\u00bbimg-tratamiento\u00bb css=\u00bb.vc_custom_1609269255269{background-position: center !important;background-repeat: no-repeat !important;background-size: cover !important;}\u00bb][\/vc_column][\/vc_row][\/vc_section][vc_section][vc_row equal_height=\u00bbyes\u00bb content_placement=\u00bbmiddle\u00bb css=\u00bb.vc_custom_1616766282501{margin-right: 5% !important;margin-left: 5% !important;padding-top: 40px !important;padding-bottom: 40px !important;background-image: url(http:\/\/esteticaema.com\/site\/wp-content\/uploads\/2020\/12\/bg-form-tratamiento2.jpg?id=1753) !important;background-position: center !important;background-repeat: no-repeat !important;background-size: cover !important;}\u00bb][vc_column width=\u00bb1\/3&#8243;][vc_custom_heading text=\u00bbSolicit\u00e1 tu turno\u00bb font_container=\u00bbtag:h2|font_size:45px|text_align:center|color:%239f9386&#8243; use_theme_fonts=\u00bbyes\u00bb el_class=\u00bbtitulo-manuscrito\u00bb][vc_custom_heading text=\u00bbo m\u00e1s informaci\u00f3n\u00bb font_container=\u00bbtag:h2|font_size:30px|text_align:center|color:%239f9386&#8243; use_theme_fonts=\u00bbyes\u00bb][vc_custom_heading text=\u00bbpara este tratamiento\u00bb font_container=\u00bbtag:h2|font_size:45px|text_align:center|color:%239f9386&#8243; use_theme_fonts=\u00bbyes\u00bb el_class=\u00bbtitulo-manuscrito\u00bb css=\u00bb.vc_custom_1616765244469{margin-bottom: 30px !important;}\u00bb][\/vc_column][vc_column width=\u00bb2\/3&#8243;]\n<div class=\"wpcf7 no-js\" id=\"wpcf7-f2085-o1\" lang=\"es-ES\" dir=\"ltr\">\n<div class=\"screen-reader-response\"><p role=\"status\" aria-live=\"polite\" aria-atomic=\"true\"><\/p> <ul><\/ul><\/div>\n<form action=\"\/site\/wp-json\/wp\/v2\/pages\/2421#wpcf7-f2085-o1\" method=\"post\" class=\"wpcf7-form init\" aria-label=\"Formulario de contacto\" novalidate=\"novalidate\" data-status=\"init\">\n<div style=\"display: none;\">\n<input type=\"hidden\" name=\"_wpcf7\" value=\"2085\" \/>\n<input type=\"hidden\" name=\"_wpcf7_version\" value=\"5.9.7\" \/>\n<input type=\"hidden\" name=\"_wpcf7_locale\" value=\"es_ES\" \/>\n<input type=\"hidden\" name=\"_wpcf7_unit_tag\" value=\"wpcf7-f2085-o1\" \/>\n<input type=\"hidden\" name=\"_wpcf7_container_post\" value=\"0\" \/>\n<input type=\"hidden\" name=\"_wpcf7_posted_data_hash\" value=\"\" \/>\n<input type=\"hidden\" name=\"_wpcf7_recaptcha_response\" value=\"\" \/>\n<\/div>\n<div class=\"contact-light\">\n\t<div class=\"field grid\">\n\t\t<div class=\"field line\">\n\t\t\t<p><label>Deseo<\/label><br \/>\n<span class=\"wpcf7-form-control-wrap\" data-name=\"deseo\"><select class=\"wpcf7-form-control wpcf7-select\" aria-invalid=\"false\" name=\"deseo\"><option value=\"Que me contacten por tel\u00e9fono\">Que me contacten por tel\u00e9fono<\/option><option value=\"Que me env\u00eden un WhatsApp\">Que me env\u00eden un WhatsApp<\/option><option value=\"Que me respondan por e-mail\">Que me respondan por e-mail<\/option><\/select><\/span>\n\t\t\t<\/p>\n\t\t<\/div>\n\t\t<div class=\"field line\">\n\t\t\t<p><label>Me interesa<\/label><br \/>\n<span class=\"wpcf7-form-control-wrap\" data-name=\"interesa\"><select class=\"wpcf7-form-control wpcf7-select\" aria-invalid=\"false\" name=\"interesa\"><option value=\"Recibir m\u00e1s informaci\u00f3n sobre este tratamiento\">Recibir m\u00e1s informaci\u00f3n sobre este tratamiento<\/option><option value=\"Solicitar turno para este tratamiento\">Solicitar turno para este tratamiento<\/option><option value=\"Obtener asesoramiento personalizado\">Obtener asesoramiento personalizado<\/option><\/select><\/span>\n\t\t\t<\/p>\n\t\t<\/div>\n\t<\/div>\n\t<div style=\"height: 15px\">\n\t<\/div>\n\t<div class=\"field grid\">\n\t\t<div class=\"field\">\n\t\t\t<p><span class=\"wpcf7-form-control-wrap\" data-name=\"nombre\"><input size=\"40\" maxlength=\"400\" class=\"wpcf7-form-control wpcf7-text wpcf7-validates-as-required\" aria-required=\"true\" aria-invalid=\"false\" placeholder=\"* Tu Nombre Completo\" value=\"\" type=\"text\" name=\"nombre\" \/><\/span>\n\t\t\t<\/p>\n\t\t<\/div>\n\t\t<div class=\"field\">\n\t\t\t<p><span class=\"wpcf7-form-control-wrap\" data-name=\"email\"><input size=\"40\" maxlength=\"400\" class=\"wpcf7-form-control wpcf7-email wpcf7-validates-as-required wpcf7-text wpcf7-validates-as-email\" aria-required=\"true\" aria-invalid=\"false\" placeholder=\"* Tu Email\" value=\"\" type=\"email\" name=\"email\" \/><\/span>\n\t\t\t<\/p>\n\t\t<\/div>\n\t<\/div>\n\t<div class=\"field grid\">\n\t\t<div class=\"field\">\n\t\t\t<p><span class=\"wpcf7-form-control-wrap\" data-name=\"telefono\"><input size=\"40\" maxlength=\"400\" class=\"wpcf7-form-control wpcf7-tel wpcf7-validates-as-required wpcf7-text wpcf7-validates-as-tel\" aria-required=\"true\" aria-invalid=\"false\" placeholder=\"* Tel\u00e9fono de Contacto\" value=\"\" type=\"tel\" name=\"telefono\" \/><\/span>\n\t\t\t<\/p>\n\t\t<\/div>\n\t\t<div class=\"field\">\n\t\t\t<p><input class=\"wpcf7-form-control wpcf7-submit has-spinner\" type=\"submit\" value=\"Enviar Consulta\" \/>\n\t\t\t<\/p>\n\t\t<\/div>\n\t<\/div>\n<\/div><div class=\"wpcf7-response-output\" aria-hidden=\"true\"><\/div>\n<\/form>\n<\/div>\n[\/vc_column][\/vc_row][\/vc_section]<\/p>\n","protected":false},"excerpt":{"rendered":"<p>[vc_section][vc_row equal_height=\u00bbyes\u00bb css=\u00bb.vc_custom_1609274046607{margin-right: 4% !important;margin-bottom: 60px !important;margin-left: 4% !important;}\u00bb][vc_column width=\u00bb2\/3&#8243;][vc_column_text]El dermapen es un dispositivo el\u00e9ctrico que en su extremo produce un movimiento oscilante tipo \u201cpicoteo\u201d, el cual realiza peque\u00f1as punturas en la piel, con el objetivo de inducir reacciones de reparaci\u00f3n cut\u00e1nea y producci\u00f3n de nuevos componentes estructurales. Se puede sumar al tratamiento distintos principios [&hellip;]<\/p>\n","protected":false},"author":3,"featured_media":0,"parent":1360,"menu_order":0,"comment_status":"closed","ping_status":"closed","template":"","meta":{"footnotes":""},"class_list":["post-2421","page","type-page","status-publish","hentry"],"_links":{"self":[{"href":"https:\/\/esteticaema.com\/site\/wp-json\/wp\/v2\/pages\/2421"}],"collection":[{"href":"https:\/\/esteticaema.com\/site\/wp-json\/wp\/v2\/pages"}],"about":[{"href":"https:\/\/esteticaema.com\/site\/wp-json\/wp\/v2\/types\/page"}],"author":[{"embeddable":true,"href":"https:\/\/esteticaema.com\/site\/wp-json\/wp\/v2\/users\/3"}],"replies":[{"embeddable":true,"href":"https:\/\/esteticaema.com\/site\/wp-json\/wp\/v2\/comments?post=2421"}],"version-history":[{"count":7,"href":"https:\/\/esteticaema.com\/site\/wp-json\/wp\/v2\/pages\/2421\/revisions"}],"predecessor-version":[{"id":2617,"href":"https:\/\/esteticaema.com\/site\/wp-json\/wp\/v2\/pages\/2421\/revisions\/2617"}],"up":[{"embeddable":true,"href":"https:\/\/esteticaema.com\/site\/wp-json\/wp\/v2\/pages\/1360"}],"wp:attachment":[{"href":"https:\/\/esteticaema.com\/site\/wp-json\/wp\/v2\/media?parent=2421"}],"curies":[{"name":"wp","href":"https:\/\/api.w.org\/{rel}","templated":true}]}}