{"id":2227,"date":"2021-03-29T14:11:35","date_gmt":"2021-03-29T17:11:35","guid":{"rendered":"http:\/\/esteticaema.com\/site\/?page_id=2227"},"modified":"2021-03-29T14:11:45","modified_gmt":"2021-03-29T17:11:45","slug":"como-comprar","status":"publish","type":"page","link":"https:\/\/esteticaema.com\/site\/shop\/como-comprar\/","title":{"rendered":"\u00bfC\u00f3mo Comprar?"},"content":{"rendered":"<p>[vc_row equal_height=\u00bbyes\u00bb css=\u00bb.vc_custom_1610573606479{padding-bottom: 40px !important;}\u00bb][vc_column width=\u00bb1\/4&#8243;]<div class=\"iconbox  style1 \">\n\t<div class=\"box-header\">\n\t\t<div class=\"box-icon\"><i class=\"hank-key\"><\/i><\/div>\n\t\t<h3 class=\"box-title\">ACCESO \/ REGISTRO<\/h3>\n\t<\/div>\n\t<div class=\"box-content\">\n\t\t<p>Deber\u00e1 ingresar en nuestra secci\u00f3n de Acceso\/Registro y darse de alta creando una nueva cuenta de cliente. La misma es totalmente gratuita y no presupone compromiso de compra alguna.<\/p>\n\n\t\t\n\t<\/div>\n<\/div>[\/vc_column][vc_column width=\u00bb1\/4&#8243;]<div class=\"iconbox  style1 \">\n\t<div class=\"box-header\">\n\t\t<div class=\"box-icon\"><i class=\"hank-single-03\"><\/i><\/div>\n\t\t<h3 class=\"box-title\">ACTUALIZAR MI PERFIL<\/h3>\n\t<\/div>\n\t<div class=\"box-content\">\n\t\t<p>Deber\u00e1 ingresar con los datos de su nueva cuenta creada y actualizar su perfil de cuenta y sus direcciones de facturaci\u00f3n y de entrega de productos.<\/p>\n\n\t\t\n\t<\/div>\n<\/div>[\/vc_column][vc_column width=\u00bb1\/4&#8243;]<div class=\"iconbox  style1 \">\n\t<div class=\"box-header\">\n\t\t<div class=\"box-icon\"><i class=\"hank-bag-17\"><\/i><\/div>\n\t\t<h3 class=\"box-title\">BUSCAR MIS PRODUCTOS<\/h3>\n\t<\/div>\n\t<div class=\"box-content\">\n\t\t<p>Recorre nuestro cat\u00e1logo de productos y presiona el bot\u00f3n A\u00f1adir al Carro en aquellos productos que quieras adquirir. Recuerda que puedes elegir la cantidad en cada uno de ellos.<\/p>\n\n\t\t\n\t<\/div>\n<\/div>[\/vc_column][vc_column width=\u00bb1\/4&#8243;]<div class=\"iconbox  style1 \">\n\t<div class=\"box-header\">\n\t\t<div class=\"box-icon\"><i class=\"hank-thumb-up\"><\/i><\/div>\n\t\t<h3 class=\"box-title\">VER MI CARRO<\/h3>\n\t<\/div>\n\t<div class=\"box-content\">\n\t\t<p>Ingresa a tu carro de compras para verificar el listado de productos y los costos totales de compra. Estas a tiempo de realizar cualquier cambio eliminando o agregando productos.<\/p>\n\n\t\t\n\t<\/div>\n<\/div>[\/vc_column][\/vc_row][vc_row equal_height=\u00bbyes\u00bb css=\u00bb.vc_custom_1610574402696{padding-bottom: 40px !important;}\u00bb][vc_column width=\u00bb1\/4&#8243;]<div class=\"iconbox  style1 \">\n\t<div class=\"box-header\">\n\t\t<div class=\"box-icon\"><i class=\"hank-payment\"><\/i><\/div>\n\t\t<h3 class=\"box-title\">PAGAR MI COMPRA<\/h3>\n\t<\/div>\n\t<div class=\"box-content\">\n\t\t<p>Una vez dentro de tu carro presiona el bot\u00f3n Procede a Pagar para dirigirte a la secci\u00f3n de pagos. Una vez dentro aseg\u00farate de haber completado todos los datos necesarios del formulario, elige el tipo de envio disponible, elige tu medio de pago, acepta los T\u00e9rminos y Condiciones y presiona el bot\u00f3n Realizar Pedido.<\/p>\n\n\t\t\n\t<\/div>\n<\/div>[\/vc_column][vc_column width=\u00bb1\/4&#8243;]<div class=\"iconbox  style1 \">\n\t<div class=\"box-header\">\n\t\t<div class=\"box-icon\"><i class=\"hank-tag\"><\/i><\/div>\n\t\t<h3 class=\"box-title\">FINALIZA TU COMPRA<\/h3>\n\t<\/div>\n\t<div class=\"box-content\">\n\t\t<p>Se detallar\u00e1n los datos de tu pedido. Si tu elecci\u00f3n de pago fue a trav\u00e9s de Transferencia Bancaria Directa, se mostrar\u00e1n nuestros datos de cuentas. Dir\u00edigete a tu entidad bancaria para completar el dep\u00f3sito o transferencia.<\/p>\n\n\t\t\n\t<\/div>\n<\/div>[\/vc_column][vc_column width=\u00bb1\/4&#8243;]<div class=\"iconbox  style1 \">\n\t<div class=\"box-header\">\n\t\t<div class=\"box-icon\"><i class=\"hank-goal-65\"><\/i><\/div>\n\t\t<h3 class=\"box-title\">SIGUE TU PEDIDO<\/h3>\n\t<\/div>\n\t<div class=\"box-content\">\n\t\t<p>Dentro de la secci\u00f3n Mi Cuenta, encontrar\u00e1s el detalle y estado de Tus Pedidos. Verifica hasta que aparezcan Completados. Si haz elegido la opci\u00f3n de envio por pago en destino es posible que nuestros asesores generen un nuevo pedido con estado Pendiente de Pago para que completes el importe de env\u00edo.<\/p>\n\n\t\t\n\t<\/div>\n<\/div>[\/vc_column][vc_column width=\u00bb1\/4&#8243;]<div class=\"iconbox  style1 \">\n\t<div class=\"box-header\">\n\t\t<div class=\"box-icon\"><i class=\"hank-privacy-policy\"><\/i><\/div>\n\t\t<h3 class=\"box-title\">DESPACHO Y ENTREGA<\/h3>\n\t<\/div>\n\t<div class=\"box-content\">\n\t\t<p>En la secci\u00f3n de Tus Pedidos nuestros asesores a\u00f1adir\u00e1n los c\u00f3digos de seguimiento de tu paquete y el transportista. Verifica estos datos y aguarda a que llegue tu paquete. Recuerda que los plazos de entrega depender\u00e1n del transportista y no de nosotros.<\/p>\n\n\t\t\n\t<\/div>\n<\/div>[\/vc_column][\/vc_row]<\/p>\n","protected":false},"excerpt":{"rendered":"<p>[vc_row equal_height=\u00bbyes\u00bb css=\u00bb.vc_custom_1610573606479{padding-bottom: 40px !important;}\u00bb][vc_column width=\u00bb1\/4&#8243;][\/vc_column][vc_column width=\u00bb1\/4&#8243;][\/vc_column][vc_column width=\u00bb1\/4&#8243;][\/vc_column][vc_column width=\u00bb1\/4&#8243;][\/vc_column][\/vc_row][vc_row equal_height=\u00bbyes\u00bb css=\u00bb.vc_custom_1610574402696{padding-bottom: 40px !important;}\u00bb][vc_column width=\u00bb1\/4&#8243;][\/vc_column][vc_column width=\u00bb1\/4&#8243;][\/vc_column][vc_column width=\u00bb1\/4&#8243;][\/vc_column][vc_column width=\u00bb1\/4&#8243;][\/vc_column][\/vc_row]<\/p>\n","protected":false},"author":2,"featured_media":0,"parent":1110,"menu_order":0,"comment_status":"closed","ping_status":"closed","template":"tmpl\/template-fullwidth.php","meta":{"footnotes":""},"class_list":["post-2227","page","type-page","status-publish","hentry"],"_links":{"self":[{"href":"https:\/\/esteticaema.com\/site\/wp-json\/wp\/v2\/pages\/2227"}],"collection":[{"href":"https:\/\/esteticaema.com\/site\/wp-json\/wp\/v2\/pages"}],"about":[{"href":"https:\/\/esteticaema.com\/site\/wp-json\/wp\/v2\/types\/page"}],"author":[{"embeddable":true,"href":"https:\/\/esteticaema.com\/site\/wp-json\/wp\/v2\/users\/2"}],"replies":[{"embeddable":true,"href":"https:\/\/esteticaema.com\/site\/wp-json\/wp\/v2\/comments?post=2227"}],"version-history":[{"count":1,"href":"https:\/\/esteticaema.com\/site\/wp-json\/wp\/v2\/pages\/2227\/revisions"}],"predecessor-version":[{"id":2228,"href":"https:\/\/esteticaema.com\/site\/wp-json\/wp\/v2\/pages\/2227\/revisions\/2228"}],"up":[{"embeddable":true,"href":"https:\/\/esteticaema.com\/site\/wp-json\/wp\/v2\/pages\/1110"}],"wp:attachment":[{"href":"https:\/\/esteticaema.com\/site\/wp-json\/wp\/v2\/media?parent=2227"}],"curies":[{"name":"wp","href":"https:\/\/api.w.org\/{rel}","templated":true}]}}