{"id":2222,"date":"2021-03-29T14:08:39","date_gmt":"2021-03-29T17:08:39","guid":{"rendered":"http:\/\/esteticaema.com\/site\/?page_id=2222"},"modified":"2021-03-29T14:09:32","modified_gmt":"2021-03-29T17:09:32","slug":"envio-y-entrega","status":"publish","type":"page","link":"https:\/\/esteticaema.com\/site\/shop\/envio-y-entrega\/","title":{"rendered":"Env\u00edo y Entrega"},"content":{"rendered":"<p>[vc_row gap=\u00bb30&#8243; css=\u00bb.vc_custom_1617037729188{padding-top: 70px !important;padding-bottom: 70px !important;background-position: 0 0 !important;background-repeat: no-repeat !important;}\u00bb el_class=\u00bbbg-bottom-right\u00bb][vc_column width=\u00bb1\/2&#8243;][vc_column_text]<\/p>\n<h3>DESPACHO DE\u00a0PRODUCTOS<\/h3>\n<p>Est\u00e9tica E.M.A. se compromete a realizar el env\u00edo a la direcci\u00f3n suministrada. Los gastos de env\u00edo var\u00edan en funci\u00f3n del pa\u00eds y del transportista. Los plazos de entrega son orientativos y distintos seg\u00fan el lugar de destino. Es muy importante que en el momento de la compra indique la informaci\u00f3n completa de la direcci\u00f3n y de la persona que realizar\u00e1 la recogida. Es obligatorio comunicar un tel\u00e9fono de contacto para garantizar una correcta entrega. No se aceptan env\u00edos a apartados de correos.\u00a0<strong>Generalmente el despacho de \u00a0su producto se realiza dentro de los 10 d\u00edas h\u00e1biles de acreditado su pago<\/strong>. (Nuestra logistica se encuentra atravesada por demoras debido a la actual situaci\u00f3n sanitaria del COVID-19 que atravesamos. Sepa disculpar las demoras que podamos llegar a tener. Gracias)<\/p>\n<p>Est\u00e9tica E.M.A. siempre intentar\u00e1 que sea lo m\u00e1s breve posible, si bien, determinadas zonas m\u00e1s alejadas de n\u00facleos urbanos, pueden tener un tiempo de reparto ligeramente superior. Hay salidas de pedidos desde el almac\u00e9n de lunes a viernes no festivos.[\/vc_column_text][\/vc_column][vc_column width=\u00bb1\/2&#8243;][vc_column_text]<\/p>\n<h3>TRANSPORTE Y LOG\u00cdSTICA<\/h3>\n<p>Est\u00e9tica E.M.A. no hace transporte de mercader\u00eda ni servicio de log\u00edstica por s\u00ed mismo. Todos los env\u00edos los realiza a trav\u00e9s de transportistas o encomiendas \u00a0de \u00f3rden privado y terciarizado lo que predefine que los costos \u00a0y tiempos de entrega depender\u00e1n \u00a0de \u00e9ste \u00faltimo. Para ello el cliente decidir\u00e1 el medio de envio y se ajustar\u00e1n los costos de la compra dependiendo si el transporte aceptar\u00e1 o no pago en destino.[\/vc_column_text][\/vc_column][\/vc_row]<\/p>\n","protected":false},"excerpt":{"rendered":"<p>[vc_row gap=\u00bb30&#8243; css=\u00bb.vc_custom_1617037729188{padding-top: 70px !important;padding-bottom: 70px !important;background-position: 0 0 !important;background-repeat: no-repeat !important;}\u00bb el_class=\u00bbbg-bottom-right\u00bb][vc_column width=\u00bb1\/2&#8243;][vc_column_text] DESPACHO DE\u00a0PRODUCTOS Est\u00e9tica E.M.A. se compromete a realizar el env\u00edo a la direcci\u00f3n suministrada. Los gastos de env\u00edo var\u00edan en funci\u00f3n del pa\u00eds y del transportista. Los plazos de entrega son orientativos y distintos seg\u00fan el lugar de destino. Es muy [&hellip;]<\/p>\n","protected":false},"author":2,"featured_media":0,"parent":1110,"menu_order":0,"comment_status":"closed","ping_status":"closed","template":"tmpl\/template-fullwidth.php","meta":{"footnotes":""},"class_list":["post-2222","page","type-page","status-publish","hentry"],"_links":{"self":[{"href":"https:\/\/esteticaema.com\/site\/wp-json\/wp\/v2\/pages\/2222"}],"collection":[{"href":"https:\/\/esteticaema.com\/site\/wp-json\/wp\/v2\/pages"}],"about":[{"href":"https:\/\/esteticaema.com\/site\/wp-json\/wp\/v2\/types\/page"}],"author":[{"embeddable":true,"href":"https:\/\/esteticaema.com\/site\/wp-json\/wp\/v2\/users\/2"}],"replies":[{"embeddable":true,"href":"https:\/\/esteticaema.com\/site\/wp-json\/wp\/v2\/comments?post=2222"}],"version-history":[{"count":4,"href":"https:\/\/esteticaema.com\/site\/wp-json\/wp\/v2\/pages\/2222\/revisions"}],"predecessor-version":[{"id":2226,"href":"https:\/\/esteticaema.com\/site\/wp-json\/wp\/v2\/pages\/2222\/revisions\/2226"}],"up":[{"embeddable":true,"href":"https:\/\/esteticaema.com\/site\/wp-json\/wp\/v2\/pages\/1110"}],"wp:attachment":[{"href":"https:\/\/esteticaema.com\/site\/wp-json\/wp\/v2\/media?parent=2222"}],"curies":[{"name":"wp","href":"https:\/\/api.w.org\/{rel}","templated":true}]}}