{"id":2212,"date":"2021-03-29T14:00:35","date_gmt":"2021-03-29T17:00:35","guid":{"rendered":"http:\/\/esteticaema.com\/site\/?page_id=2212"},"modified":"2021-03-29T14:05:37","modified_gmt":"2021-03-29T17:05:37","slug":"opciones-de-pago","status":"publish","type":"page","link":"https:\/\/esteticaema.com\/site\/shop\/opciones-de-pago\/","title":{"rendered":"Opciones de Pago"},"content":{"rendered":"<p>[vc_row gap=\u00bb30&#8243; content_width=\u00bbgrid\u00bb css=\u00bb.vc_custom_1610591968074{margin-top: 40px !important;margin-bottom: 40px !important;}\u00bb][vc_column][vc_column_text el_class=\u00bbrecuadro\u00bb]<\/p>\n<h2>Tarjeta de cr\u00e9dito con MercadoPago<\/h2>\n<p><img loading=\"lazy\" decoding=\"async\" class=\"alignright size-full wp-image-717\" src=\"https:\/\/esteticaema.com\/site\/wp-content\/uploads\/2021\/03\/desktop-logo-mercadopago.png\" alt=\"desktop-logo-mercadopago\" width=\"160\" height=\"41\" \/>Ingresas los datos de tu tarjeta de cr\u00e9dito al pagar y listo.\u00a0La pr\u00f3xima vez que quieras usar esta tarjeta, solo te pediremos el c\u00f3digo de seguridad.<\/p>\n<ul class=\"pay\">\n<li class=\"paymentmethod-visa paymentmethod-large\">Visa<\/li>\n<li class=\"paymentmethod-master paymentmethod-large\">Mastercard<\/li>\n<li class=\"paymentmethod-amex paymentmethod-large\">American Express<\/li>\n<li class=\"paymentmethod-naranja paymentmethod-large\">Naranja<\/li>\n<li class=\"paymentmethod-tarshop paymentmethod-large\">Tarjeta Shopping<\/li>\n<li class=\"paymentmethod-nativa paymentmethod-large\">Nativa<\/li>\n<li class=\"paymentmethod-cencosud paymentmethod-large\">Cencosud<\/li>\n<li class=\"paymentmethod-cabal paymentmethod-large\">Cabal<\/li>\n<li class=\"paymentmethod-argencard paymentmethod-large\">Argencard<\/li>\n<li class=\"paymentmethod-diners paymentmethod-large\">Diners<\/li>\n<\/ul>\n<p><i class=\"fa fa-clock-o\"><\/i> Acreditaci\u00f3n instant\u00e1nea.\u00a0\u00a0\u00a0\u00a0<i class=\"fa fa-credit-card\"><\/i> <a href=\"https:\/\/www.mercadopago.com.ar\/cuotas\" target=\"_blank\" rel=\"noopener noreferrer\">Ver Promociones de MercadoPago de cuotas sin inter\u00e9s<\/a>[\/vc_column_text][vc_empty_space height=\u00bb42px\u00bb][vc_separator][\/vc_column][\/vc_row][vc_row gap=\u00bb30&#8243; content_width=\u00bbgrid\u00bb css=\u00bb.vc_custom_1610590662049{margin-bottom: 40px !important;}\u00bb][vc_column][vc_column_text el_class=\u00bbrecuadro\u00bb]<\/p>\n<h2>En efectivo en puntos de pago<\/h2>\n<p><img loading=\"lazy\" decoding=\"async\" class=\"alignright size-full wp-image-717\" src=\"https:\/\/esteticaema.com\/site\/wp-content\/uploads\/2021\/03\/desktop-logo-mercadopago.png\" alt=\"desktop-logo-mercadopago\" width=\"160\" height=\"41\" \/>Al momento de pagar te diremos c\u00f3mo hacerlo y d\u00f3nde ir. Nada de ir a bancos y hacer largas colas, \u00a1ver\u00e1s que es muy simple!<\/p>\n<ul class=\"pay\">\n<li class=\"paymentmethod-pagofacil paymentmethod-large\">Pago F\u00e1cil<\/li>\n<li class=\"paymentmethod-redlink paymentmethod-large\">Red Link<\/li>\n<li class=\"paymentmethod-rapipago paymentmethod-large\">Rapipago<\/li>\n<li class=\"paymentmethod-bapropagos paymentmethod-large\">BaproPagos<\/li>\n<\/ul>\n<p><i class=\"fa fa-clock-o\"><\/i> Rapipago se acreditar\u00e1 apenas lo pagues.\u00a0\u00a0\u00a0\u00a0<i class=\"fa fa-calendar-check-o\"><\/i> El resto se acreditar\u00e1\u00a0en 1 d\u00eda h\u00e1bil.\u00a0\u00a0\u00a0\u00a0<i class=\"fa fa-check-circle-o\"><\/i> Sin costo adicional.[\/vc_column_text][vc_empty_space height=\u00bb42px\u00bb][vc_separator][\/vc_column][\/vc_row][vc_row gap=\u00bb30&#8243; content_width=\u00bbgrid\u00bb css=\u00bb.vc_custom_1610590671824{margin-bottom: 40px !important;}\u00bb][vc_column][vc_column_text el_class=\u00bbrecuadro\u00bb]<\/p>\n<h2>Con saldo pre-cargado en tu cuenta de MercadoPago<\/h2>\n<p><img loading=\"lazy\" decoding=\"async\" class=\"alignright size-full wp-image-717\" src=\"https:\/\/esteticaema.com\/site\/wp-content\/uploads\/2021\/03\/desktop-logo-mercadopago.png\" alt=\"desktop-logo-mercadopago\" width=\"160\" height=\"41\" \/>Anticiparte y cargar saldo en tu cuenta de MercadoPago es muy \u00fatil, porque al momento de comprar tu pago se acreditar\u00e1 al instante.<\/p>\n<p>Puedes cargar saldo con cualquiera de los medios de pago en efectivo.<\/p>\n<p><i class=\"fa fa-clock-o\"><\/i> Acreditaci\u00f3n instant\u00e1nea.\u00a0\u00a0\u00a0\u00a0<i class=\"fa fa-check-circle-o\"><\/i> Sin costo adicional.[\/vc_column_text][vc_empty_space height=\u00bb42px\u00bb][vc_separator][\/vc_column][\/vc_row][vc_row gap=\u00bb30&#8243; content_width=\u00bbgrid\u00bb css=\u00bb.vc_custom_1610590683192{margin-bottom: 40px !important;}\u00bb][vc_column][vc_column_text el_class=\u00bbrecuadro\u00bb]<\/p>\n<h2>Transferencia\/Dep\u00f3sito Bancario Directo<\/h2>\n<p>Realiza tu pago directamente en nuestra cuenta bancaria. Deber\u00e1s utilizar la referencia del pedido como referencia de pago. El pedido no ser\u00e1 enviado hasta que el importe completo haya sido recibido en nuestra cuenta. Cuando selecciones este medio de pago recibir\u00e1s los datos de nuestras cuentas bacarias en el correo que detalla tu pedido.<\/p>\n<p><i class=\"fa fa-calendar-check-o\"><\/i> La acreditaci\u00f3n depender\u00e1 del Banco y tipo de operaci\u00f3n. La espera m\u00ednima es de 48-72hs. h\u00e1biles.\u00a0\u00a0\u00a0\u00a0<i class=\"fa fa-check-circle-o\"><\/i> Sin costo adicional.[\/vc_column_text][\/vc_column][\/vc_row]<\/p>\n","protected":false},"excerpt":{"rendered":"<p>[vc_row gap=\u00bb30&#8243; content_width=\u00bbgrid\u00bb css=\u00bb.vc_custom_1610591968074{margin-top: 40px !important;margin-bottom: 40px !important;}\u00bb][vc_column][vc_column_text el_class=\u00bbrecuadro\u00bb] Tarjeta de cr\u00e9dito con MercadoPago Ingresas los datos de tu tarjeta de cr\u00e9dito al pagar y listo.\u00a0La pr\u00f3xima vez que quieras usar esta tarjeta, solo te pediremos el c\u00f3digo de seguridad. Visa Mastercard American Express Naranja Tarjeta Shopping Nativa Cencosud Cabal Argencard Diners Acreditaci\u00f3n instant\u00e1nea.\u00a0\u00a0\u00a0\u00a0 Ver [&hellip;]<\/p>\n","protected":false},"author":2,"featured_media":0,"parent":1110,"menu_order":0,"comment_status":"closed","ping_status":"closed","template":"tmpl\/template-fullwidth.php","meta":{"footnotes":""},"class_list":["post-2212","page","type-page","status-publish","hentry"],"_links":{"self":[{"href":"https:\/\/esteticaema.com\/site\/wp-json\/wp\/v2\/pages\/2212"}],"collection":[{"href":"https:\/\/esteticaema.com\/site\/wp-json\/wp\/v2\/pages"}],"about":[{"href":"https:\/\/esteticaema.com\/site\/wp-json\/wp\/v2\/types\/page"}],"author":[{"embeddable":true,"href":"https:\/\/esteticaema.com\/site\/wp-json\/wp\/v2\/users\/2"}],"replies":[{"embeddable":true,"href":"https:\/\/esteticaema.com\/site\/wp-json\/wp\/v2\/comments?post=2212"}],"version-history":[{"count":3,"href":"https:\/\/esteticaema.com\/site\/wp-json\/wp\/v2\/pages\/2212\/revisions"}],"predecessor-version":[{"id":2218,"href":"https:\/\/esteticaema.com\/site\/wp-json\/wp\/v2\/pages\/2212\/revisions\/2218"}],"up":[{"embeddable":true,"href":"https:\/\/esteticaema.com\/site\/wp-json\/wp\/v2\/pages\/1110"}],"wp:attachment":[{"href":"https:\/\/esteticaema.com\/site\/wp-json\/wp\/v2\/media?parent=2212"}],"curies":[{"name":"wp","href":"https:\/\/api.w.org\/{rel}","templated":true}]}}