{"id":1397,"date":"2020-12-22T23:49:34","date_gmt":"2020-12-23T02:49:34","guid":{"rendered":"http:\/\/esteticaema.com\/site\/?page_id=1397"},"modified":"2022-03-14T17:58:06","modified_gmt":"2022-03-14T20:58:06","slug":"luz-pulsada","status":"publish","type":"page","link":"https:\/\/esteticaema.com\/site\/faciales\/luz-pulsada\/","title":{"rendered":"Luz Pulsada"},"content":{"rendered":"<p>[vc_section][vc_row equal_height=\u00bbyes\u00bb css=\u00bb.vc_custom_1609274046607{margin-right: 4% !important;margin-bottom: 60px !important;margin-left: 4% !important;}\u00bb][vc_column width=\u00bb2\/3&#8243;][vc_column_text]<strong>Qu\u00e9 es IPL o luz pulsada<\/strong><br \/>\nIPL en (ingl\u00e9s significa: Intense Pulsed Light). La luz pulsada trabaja mediante un procedimiento denominado: fototerm\u00f3lisis, emite una energ\u00eda de luz en un destello concentrado, la cual es absorbida por los crom\u00f3foros (c\u00e9lulas sensibles a la luz) accionando un proceso biol\u00f3gico espec\u00edfico para alcanzar los resultados cl\u00ednicos deseados.<\/p>\n<p><strong>Qu\u00e9 trata<\/strong><br \/>\n\u2013 Fotorejuvenecimientoi facial<br \/>\n\u2013 Manchas<br \/>\n\u2013 Rosacea<\/p>\n<p><strong>A partir de cuando se ven resultados<\/strong><br \/>\nDesde la primer sesi\u00f3n comienzan a ser evidentes los cambios, se necesitan en promedio 6 sesiones con un intervalo de 21 d\u00edas. En un principio disminuyen las manchas y a medida que transcurren las sesiones se logra ver una piel uniforme.<\/p>\n<p><strong>C\u00f3mo es la sesi\u00f3n. \u00bfDuele?<\/strong><br \/>\nNo genera dolor, se coloca un gel fr\u00edo y luego se realizan los disparos de la luz pulsada, los cuales se grad\u00faan en intensidad dependiendo el fototipo de piel y el n\u00famero de sesi\u00f3n. Es un tratamiento totalmente tolerable!<\/p>\n<p><strong>Cu\u00e1nto duran los efectos<\/strong><br \/>\nLa duraci\u00f3n del efecto va a depender, de como est\u00e9 previamente la piel y los cuidados posteriores que tenga, en general la mejor\u00eda dura 12 meses.<\/p>\n<p><strong>\u00bfSe combina con otros tratamientos?\u00bfCu\u00e1les?<\/strong><br \/>\nLo ideal es la combinaci\u00f3n de tratamientos, eso asegura un mejor resultado y mayor duraci\u00f3n.<br \/>\nSe puede combinar con:<br \/>\n\u2013 Peeling<br \/>\n\u2013 PRL (plasma rico en plaquetas)<br \/>\n\u2013 Mesoterapia facial[\/vc_column_text][vc_empty_space height=\u00bb35px\u00bb][vc_column_text css=\u00bb.vc_custom_1617025163164{padding-top: 30px !important;padding-right: 30px !important;padding-bottom: 30px !important;padding-left: 30px !important;background-color: #f2f2f2 !important;}\u00bb el_class=\u00bbbox-recomendaciones\u00bb]<\/p>\n<h3 style=\"font-weight: 300; margin-top: 0px; text-transform: uppercase; font-size: 25px !important;\">Recomendaciones para el Tratamiento<\/h3>\n<p>&#8211; Concurrir a la sesi\u00f3n con cara lavada<br \/>\n&#8211; No exponerse al sol 15 d\u00edas antes ni despu\u00e9s de cada sesi\u00f3n<br \/>\n&#8211; No asistir bronceada a la sesi\u00f3n<br \/>\n[\/vc_column_text][vc_empty_space height=\u00bb35px\u00bb][\/vc_column][vc_column width=\u00bb1\/3&#8243; el_class=\u00bbimg-tratamiento\u00bb css=\u00bb.vc_custom_1609269255269{background-position: center !important;background-repeat: no-repeat !important;background-size: cover !important;}\u00bb][\/vc_column][\/vc_row][\/vc_section][vc_section][vc_row equal_height=\u00bbyes\u00bb content_placement=\u00bbmiddle\u00bb css=\u00bb.vc_custom_1616766282501{margin-right: 5% !important;margin-left: 5% !important;padding-top: 40px !important;padding-bottom: 40px !important;background-image: url(http:\/\/esteticaema.com\/site\/wp-content\/uploads\/2020\/12\/bg-form-tratamiento2.jpg?id=1753) !important;background-position: center !important;background-repeat: no-repeat !important;background-size: cover !important;}\u00bb][vc_column width=\u00bb1\/3&#8243;][vc_custom_heading text=\u00bbSolicit\u00e1 tu turno\u00bb font_container=\u00bbtag:h2|font_size:45px|text_align:center|color:%239f9386&#8243; use_theme_fonts=\u00bbyes\u00bb el_class=\u00bbtitulo-manuscrito\u00bb][vc_custom_heading text=\u00bbo m\u00e1s informaci\u00f3n\u00bb font_container=\u00bbtag:h2|font_size:30px|text_align:center|color:%239f9386&#8243; use_theme_fonts=\u00bbyes\u00bb][vc_custom_heading text=\u00bbpara este tratamiento\u00bb font_container=\u00bbtag:h2|font_size:45px|text_align:center|color:%239f9386&#8243; use_theme_fonts=\u00bbyes\u00bb el_class=\u00bbtitulo-manuscrito\u00bb css=\u00bb.vc_custom_1616765244469{margin-bottom: 30px !important;}\u00bb][\/vc_column][vc_column width=\u00bb2\/3&#8243;]\n<div class=\"wpcf7 no-js\" id=\"wpcf7-f2085-o1\" lang=\"es-ES\" dir=\"ltr\">\n<div class=\"screen-reader-response\"><p role=\"status\" aria-live=\"polite\" aria-atomic=\"true\"><\/p> <ul><\/ul><\/div>\n<form action=\"\/site\/wp-json\/wp\/v2\/pages\/1397#wpcf7-f2085-o1\" method=\"post\" class=\"wpcf7-form init\" aria-label=\"Formulario de contacto\" novalidate=\"novalidate\" data-status=\"init\">\n<div style=\"display: none;\">\n<input type=\"hidden\" name=\"_wpcf7\" value=\"2085\" \/>\n<input type=\"hidden\" name=\"_wpcf7_version\" value=\"5.9.7\" \/>\n<input type=\"hidden\" name=\"_wpcf7_locale\" value=\"es_ES\" \/>\n<input type=\"hidden\" name=\"_wpcf7_unit_tag\" value=\"wpcf7-f2085-o1\" \/>\n<input type=\"hidden\" name=\"_wpcf7_container_post\" value=\"0\" \/>\n<input type=\"hidden\" name=\"_wpcf7_posted_data_hash\" value=\"\" \/>\n<input type=\"hidden\" name=\"_wpcf7_recaptcha_response\" value=\"\" \/>\n<\/div>\n<div class=\"contact-light\">\n\t<div class=\"field grid\">\n\t\t<div class=\"field line\">\n\t\t\t<p><label>Deseo<\/label><br \/>\n<span class=\"wpcf7-form-control-wrap\" data-name=\"deseo\"><select class=\"wpcf7-form-control wpcf7-select\" aria-invalid=\"false\" name=\"deseo\"><option value=\"Que me contacten por tel\u00e9fono\">Que me contacten por tel\u00e9fono<\/option><option value=\"Que me env\u00eden un WhatsApp\">Que me env\u00eden un WhatsApp<\/option><option value=\"Que me respondan por e-mail\">Que me respondan por e-mail<\/option><\/select><\/span>\n\t\t\t<\/p>\n\t\t<\/div>\n\t\t<div class=\"field line\">\n\t\t\t<p><label>Me interesa<\/label><br \/>\n<span class=\"wpcf7-form-control-wrap\" data-name=\"interesa\"><select class=\"wpcf7-form-control wpcf7-select\" aria-invalid=\"false\" name=\"interesa\"><option value=\"Recibir m\u00e1s informaci\u00f3n sobre este tratamiento\">Recibir m\u00e1s informaci\u00f3n sobre este tratamiento<\/option><option value=\"Solicitar turno para este tratamiento\">Solicitar turno para este tratamiento<\/option><option value=\"Obtener asesoramiento personalizado\">Obtener asesoramiento personalizado<\/option><\/select><\/span>\n\t\t\t<\/p>\n\t\t<\/div>\n\t<\/div>\n\t<div style=\"height: 15px\">\n\t<\/div>\n\t<div class=\"field grid\">\n\t\t<div class=\"field\">\n\t\t\t<p><span class=\"wpcf7-form-control-wrap\" data-name=\"nombre\"><input size=\"40\" maxlength=\"400\" class=\"wpcf7-form-control wpcf7-text wpcf7-validates-as-required\" aria-required=\"true\" aria-invalid=\"false\" placeholder=\"* Tu Nombre Completo\" value=\"\" type=\"text\" name=\"nombre\" \/><\/span>\n\t\t\t<\/p>\n\t\t<\/div>\n\t\t<div class=\"field\">\n\t\t\t<p><span class=\"wpcf7-form-control-wrap\" data-name=\"email\"><input size=\"40\" maxlength=\"400\" class=\"wpcf7-form-control wpcf7-email wpcf7-validates-as-required wpcf7-text wpcf7-validates-as-email\" aria-required=\"true\" aria-invalid=\"false\" placeholder=\"* Tu Email\" value=\"\" type=\"email\" name=\"email\" \/><\/span>\n\t\t\t<\/p>\n\t\t<\/div>\n\t<\/div>\n\t<div class=\"field grid\">\n\t\t<div class=\"field\">\n\t\t\t<p><span class=\"wpcf7-form-control-wrap\" data-name=\"telefono\"><input size=\"40\" maxlength=\"400\" class=\"wpcf7-form-control wpcf7-tel wpcf7-validates-as-required wpcf7-text wpcf7-validates-as-tel\" aria-required=\"true\" aria-invalid=\"false\" placeholder=\"* Tel\u00e9fono de Contacto\" value=\"\" type=\"tel\" name=\"telefono\" \/><\/span>\n\t\t\t<\/p>\n\t\t<\/div>\n\t\t<div class=\"field\">\n\t\t\t<p><input class=\"wpcf7-form-control wpcf7-submit has-spinner\" type=\"submit\" value=\"Enviar Consulta\" \/>\n\t\t\t<\/p>\n\t\t<\/div>\n\t<\/div>\n<\/div><div class=\"wpcf7-response-output\" aria-hidden=\"true\"><\/div>\n<\/form>\n<\/div>\n[\/vc_column][\/vc_row][\/vc_section]<\/p>\n","protected":false},"excerpt":{"rendered":"<p>[vc_section][vc_row equal_height=\u00bbyes\u00bb css=\u00bb.vc_custom_1609274046607{margin-right: 4% !important;margin-bottom: 60px !important;margin-left: 4% !important;}\u00bb][vc_column width=\u00bb2\/3&#8243;][vc_column_text]Qu\u00e9 es IPL o luz pulsada IPL en (ingl\u00e9s significa: Intense Pulsed Light). La luz pulsada trabaja mediante un procedimiento denominado: fototerm\u00f3lisis, emite una energ\u00eda de luz en un destello concentrado, la cual es absorbida por los crom\u00f3foros (c\u00e9lulas sensibles a la luz) accionando un proceso [&hellip;]<\/p>\n","protected":false},"author":2,"featured_media":0,"parent":1360,"menu_order":0,"comment_status":"closed","ping_status":"closed","template":"tmpl\/template-fullwidth.php","meta":{"footnotes":""},"class_list":["post-1397","page","type-page","status-publish","hentry"],"_links":{"self":[{"href":"https:\/\/esteticaema.com\/site\/wp-json\/wp\/v2\/pages\/1397"}],"collection":[{"href":"https:\/\/esteticaema.com\/site\/wp-json\/wp\/v2\/pages"}],"about":[{"href":"https:\/\/esteticaema.com\/site\/wp-json\/wp\/v2\/types\/page"}],"author":[{"embeddable":true,"href":"https:\/\/esteticaema.com\/site\/wp-json\/wp\/v2\/users\/2"}],"replies":[{"embeddable":true,"href":"https:\/\/esteticaema.com\/site\/wp-json\/wp\/v2\/comments?post=1397"}],"version-history":[{"count":5,"href":"https:\/\/esteticaema.com\/site\/wp-json\/wp\/v2\/pages\/1397\/revisions"}],"predecessor-version":[{"id":2615,"href":"https:\/\/esteticaema.com\/site\/wp-json\/wp\/v2\/pages\/1397\/revisions\/2615"}],"up":[{"embeddable":true,"href":"https:\/\/esteticaema.com\/site\/wp-json\/wp\/v2\/pages\/1360"}],"wp:attachment":[{"href":"https:\/\/esteticaema.com\/site\/wp-json\/wp\/v2\/media?parent=1397"}],"curies":[{"name":"wp","href":"https:\/\/api.w.org\/{rel}","templated":true}]}}