{"id":1385,"date":"2020-12-22T23:41:43","date_gmt":"2020-12-23T02:41:43","guid":{"rendered":"http:\/\/esteticaema.com\/site\/?page_id=1385"},"modified":"2022-03-14T17:47:30","modified_gmt":"2022-03-14T20:47:30","slug":"toxina-botulinica-botox","status":"publish","type":"page","link":"https:\/\/esteticaema.com\/site\/faciales\/toxina-botulinica-botox\/","title":{"rendered":"Toxina botul\u00ednica: BOTOX\u00ae &#8211; XEOMIN"},"content":{"rendered":"<p>[vc_section][vc_row equal_height=\u00bbyes\u00bb css=\u00bb.vc_custom_1609274046607{margin-right: 4% !important;margin-bottom: 60px !important;margin-left: 4% !important;}\u00bb][vc_column width=\u00bb2\/3&#8243;][vc_column_text]\u00bfQu\u00e9 es y para que sirve la toxina Botul\u00ecnica?<\/p>\n<p>La toxina botul\u00ednica es una neurotoxina que act\u00faa a nivel de la uni\u00f3n neuromuscular produciendo relajaci\u00f3n del m\u00fasculo. Si bien su uso es muy conocido en est\u00e9tica, se aplica tambi\u00e9n para tratar<span class=\"Apple-converted-space\">\u00a0 <\/span>hiperhidrosis (sudoraci\u00f3n excesiva) y ciertas patolog\u00edas neurol\u00f3gicas, urol\u00f3gica, trauomatol\u00f3gicas entre otras.<\/p>\n<p>Botox y XEOMIN son las marcas comerciales<span class=\"Apple-converted-space\">\u00a0 <\/span>m\u00e1s reconocidas y la que utilizamos en nuestro consultorio pero existen otras marcas.<\/p>\n<p><b>\u00bfCu\u00e1les son sus efectos?<\/b><\/p>\n<p>Al producir relajaci\u00f3n muscular, se utiliza para eliminar temporalmente arrugas de expresi\u00f3n como las de entrecejo, frente y patas de gallo<i>. El objetivo principal al aplicar Botox\/Xeomin es lograr una mirada<span class=\"Apple-converted-space\">\u00a0 <\/span>despejada y relajada,<span class=\"Apple-converted-space\">\u00a0 <\/span>sacar la cara de tristeza, enojo o cansancio.<\/i><\/p>\n<p><b>\u00bfCu\u00e1ndo se produce el efecto y cu\u00e1nto dura?<\/b><\/p>\n<p>El efecto comienza a verse generalmente a los 3 d\u00edas de la aplicaci\u00f3n aunque depende mucho de cada paciente. El efecto farmacol\u00f3gico dura 3 meses, luego de ese per\u00edodo el efecto que se observa depende de la musculatura de cada paciente pudiendo observarse efecto hasta 4\/6 meses de la aplicaci\u00f3n. <span class=\"Apple-converted-space\">\u00a0<\/span><\/p>\n<p><b>\u00bfCada cu\u00e1nto es aconsejable aplicarlo?<\/b><\/p>\n<p>Se aconseja realizar 2 o 3 aplicaciones al a\u00f1o. Recomendamos realizar un control a los 4 meses para determinar si reaplicamos en alg\u00fan sector en particular o si se realiza nuevamente a los 6 meses.<\/p>\n<p><b>\u00bfCu\u00e1les son los cuidados posteriores?<\/b><\/p>\n<p>Luego de la aplicaci\u00f3n es importante mantener la cabeza lo m\u00e1s quieta y derecha posible por lo que se debe evitar los movimientos bruscos y la actividad f\u00edsica durante todo el d\u00eda y por 4 horas evitar acostarse. Tambi\u00e9n es importante no tocarse la cara y no maquillarse.<\/p>\n<p><b>\u00bfDuele?<\/b><\/p>\n<p>La aplicaci\u00f3n es muy sencilla y tolerable. En algunos pacientes puede generar dolor de cabeza luego de la aplicaci\u00f3n para lo cual se pueden tomar analg\u00e9sicos<\/p>\n<p><b>\u00bfDesde qu\u00e9 edad se puede aplicar?<\/b><\/p>\n<p>En el momento que ciertas arrugas comienzan a notarse es el momento ideal para la aplicaci\u00f3n, ya que evita que esa arruga se siga marcando.[\/vc_column_text][vc_empty_space height=\u00bb35px\u00bb][\/vc_column][vc_column width=\u00bb1\/3&#8243; el_class=\u00bbimg-tratamiento\u00bb css=\u00bb.vc_custom_1609269255269{background-position: center !important;background-repeat: no-repeat !important;background-size: cover !important;}\u00bb][vc_single_image image=\u00bb2209&#8243; img_size=\u00bbfull\u00bb alignment=\u00bbcenter\u00bb onclick=\u00bblink_image\u00bb el_class=\u00bbimg-tratamiento-int\u00bb][\/vc_column][\/vc_row][\/vc_section][vc_section][vc_row equal_height=\u00bbyes\u00bb content_placement=\u00bbmiddle\u00bb css=\u00bb.vc_custom_1616766282501{margin-right: 5% !important;margin-left: 5% !important;padding-top: 40px !important;padding-bottom: 40px !important;background-image: url(http:\/\/esteticaema.com\/site\/wp-content\/uploads\/2020\/12\/bg-form-tratamiento2.jpg?id=1753) !important;background-position: center !important;background-repeat: no-repeat !important;background-size: cover !important;}\u00bb][vc_column width=\u00bb1\/3&#8243;][vc_custom_heading text=\u00bbSolicit\u00e1 tu turno\u00bb font_container=\u00bbtag:h2|font_size:45px|text_align:center|color:%239f9386&#8243; use_theme_fonts=\u00bbyes\u00bb el_class=\u00bbtitulo-manuscrito\u00bb][vc_custom_heading text=\u00bbo m\u00e1s informaci\u00f3n\u00bb font_container=\u00bbtag:h2|font_size:30px|text_align:center|color:%239f9386&#8243; use_theme_fonts=\u00bbyes\u00bb][vc_custom_heading text=\u00bbpara este tratamiento\u00bb font_container=\u00bbtag:h2|font_size:45px|text_align:center|color:%239f9386&#8243; use_theme_fonts=\u00bbyes\u00bb el_class=\u00bbtitulo-manuscrito\u00bb css=\u00bb.vc_custom_1616765244469{margin-bottom: 30px !important;}\u00bb][\/vc_column][vc_column width=\u00bb2\/3&#8243;]\n<div class=\"wpcf7 no-js\" id=\"wpcf7-f2085-o1\" lang=\"es-ES\" dir=\"ltr\">\n<div class=\"screen-reader-response\"><p role=\"status\" aria-live=\"polite\" aria-atomic=\"true\"><\/p> <ul><\/ul><\/div>\n<form action=\"\/site\/wp-json\/wp\/v2\/pages\/1385#wpcf7-f2085-o1\" method=\"post\" class=\"wpcf7-form init\" aria-label=\"Formulario de contacto\" novalidate=\"novalidate\" data-status=\"init\">\n<div style=\"display: none;\">\n<input type=\"hidden\" name=\"_wpcf7\" value=\"2085\" \/>\n<input type=\"hidden\" name=\"_wpcf7_version\" value=\"5.9.7\" \/>\n<input type=\"hidden\" name=\"_wpcf7_locale\" value=\"es_ES\" \/>\n<input type=\"hidden\" name=\"_wpcf7_unit_tag\" value=\"wpcf7-f2085-o1\" \/>\n<input type=\"hidden\" name=\"_wpcf7_container_post\" value=\"0\" \/>\n<input type=\"hidden\" name=\"_wpcf7_posted_data_hash\" value=\"\" \/>\n<input type=\"hidden\" name=\"_wpcf7_recaptcha_response\" value=\"\" \/>\n<\/div>\n<div class=\"contact-light\">\n\t<div class=\"field grid\">\n\t\t<div class=\"field line\">\n\t\t\t<p><label>Deseo<\/label><br \/>\n<span class=\"wpcf7-form-control-wrap\" data-name=\"deseo\"><select class=\"wpcf7-form-control wpcf7-select\" aria-invalid=\"false\" name=\"deseo\"><option value=\"Que me contacten por tel\u00e9fono\">Que me contacten por tel\u00e9fono<\/option><option value=\"Que me env\u00eden un WhatsApp\">Que me env\u00eden un WhatsApp<\/option><option value=\"Que me respondan por e-mail\">Que me respondan por e-mail<\/option><\/select><\/span>\n\t\t\t<\/p>\n\t\t<\/div>\n\t\t<div class=\"field line\">\n\t\t\t<p><label>Me interesa<\/label><br \/>\n<span class=\"wpcf7-form-control-wrap\" data-name=\"interesa\"><select class=\"wpcf7-form-control wpcf7-select\" aria-invalid=\"false\" name=\"interesa\"><option value=\"Recibir m\u00e1s informaci\u00f3n sobre este tratamiento\">Recibir m\u00e1s informaci\u00f3n sobre este tratamiento<\/option><option value=\"Solicitar turno para este tratamiento\">Solicitar turno para este tratamiento<\/option><option value=\"Obtener asesoramiento personalizado\">Obtener asesoramiento personalizado<\/option><\/select><\/span>\n\t\t\t<\/p>\n\t\t<\/div>\n\t<\/div>\n\t<div style=\"height: 15px\">\n\t<\/div>\n\t<div class=\"field grid\">\n\t\t<div class=\"field\">\n\t\t\t<p><span class=\"wpcf7-form-control-wrap\" data-name=\"nombre\"><input size=\"40\" maxlength=\"400\" class=\"wpcf7-form-control wpcf7-text wpcf7-validates-as-required\" aria-required=\"true\" aria-invalid=\"false\" placeholder=\"* Tu Nombre Completo\" value=\"\" type=\"text\" name=\"nombre\" \/><\/span>\n\t\t\t<\/p>\n\t\t<\/div>\n\t\t<div class=\"field\">\n\t\t\t<p><span class=\"wpcf7-form-control-wrap\" data-name=\"email\"><input size=\"40\" maxlength=\"400\" class=\"wpcf7-form-control wpcf7-email wpcf7-validates-as-required wpcf7-text wpcf7-validates-as-email\" aria-required=\"true\" aria-invalid=\"false\" placeholder=\"* Tu Email\" value=\"\" type=\"email\" name=\"email\" \/><\/span>\n\t\t\t<\/p>\n\t\t<\/div>\n\t<\/div>\n\t<div class=\"field grid\">\n\t\t<div class=\"field\">\n\t\t\t<p><span class=\"wpcf7-form-control-wrap\" data-name=\"telefono\"><input size=\"40\" maxlength=\"400\" class=\"wpcf7-form-control wpcf7-tel wpcf7-validates-as-required wpcf7-text wpcf7-validates-as-tel\" aria-required=\"true\" aria-invalid=\"false\" placeholder=\"* Tel\u00e9fono de Contacto\" value=\"\" type=\"tel\" name=\"telefono\" \/><\/span>\n\t\t\t<\/p>\n\t\t<\/div>\n\t\t<div class=\"field\">\n\t\t\t<p><input class=\"wpcf7-form-control wpcf7-submit has-spinner\" type=\"submit\" value=\"Enviar Consulta\" \/>\n\t\t\t<\/p>\n\t\t<\/div>\n\t<\/div>\n<\/div><div class=\"wpcf7-response-output\" aria-hidden=\"true\"><\/div>\n<\/form>\n<\/div>\n[\/vc_column][\/vc_row][\/vc_section]<\/p>\n","protected":false},"excerpt":{"rendered":"<p>[vc_section][vc_row equal_height=\u00bbyes\u00bb css=\u00bb.vc_custom_1609274046607{margin-right: 4% !important;margin-bottom: 60px !important;margin-left: 4% !important;}\u00bb][vc_column width=\u00bb2\/3&#8243;][vc_column_text]\u00bfQu\u00e9 es y para que sirve la toxina Botul\u00ecnica? La toxina botul\u00ednica es una neurotoxina que act\u00faa a nivel de la uni\u00f3n neuromuscular produciendo relajaci\u00f3n del m\u00fasculo. Si bien su uso es muy conocido en est\u00e9tica, se aplica tambi\u00e9n para tratar\u00a0 hiperhidrosis (sudoraci\u00f3n excesiva) y ciertas [&hellip;]<\/p>\n","protected":false},"author":2,"featured_media":0,"parent":1360,"menu_order":0,"comment_status":"closed","ping_status":"closed","template":"tmpl\/template-fullwidth.php","meta":{"footnotes":""},"class_list":["post-1385","page","type-page","status-publish","hentry"],"_links":{"self":[{"href":"https:\/\/esteticaema.com\/site\/wp-json\/wp\/v2\/pages\/1385"}],"collection":[{"href":"https:\/\/esteticaema.com\/site\/wp-json\/wp\/v2\/pages"}],"about":[{"href":"https:\/\/esteticaema.com\/site\/wp-json\/wp\/v2\/types\/page"}],"author":[{"embeddable":true,"href":"https:\/\/esteticaema.com\/site\/wp-json\/wp\/v2\/users\/2"}],"replies":[{"embeddable":true,"href":"https:\/\/esteticaema.com\/site\/wp-json\/wp\/v2\/comments?post=1385"}],"version-history":[{"count":8,"href":"https:\/\/esteticaema.com\/site\/wp-json\/wp\/v2\/pages\/1385\/revisions"}],"predecessor-version":[{"id":2604,"href":"https:\/\/esteticaema.com\/site\/wp-json\/wp\/v2\/pages\/1385\/revisions\/2604"}],"up":[{"embeddable":true,"href":"https:\/\/esteticaema.com\/site\/wp-json\/wp\/v2\/pages\/1360"}],"wp:attachment":[{"href":"https:\/\/esteticaema.com\/site\/wp-json\/wp\/v2\/media?parent=1385"}],"curies":[{"name":"wp","href":"https:\/\/api.w.org\/{rel}","templated":true}]}}