{"id":1366,"date":"2020-12-22T23:32:10","date_gmt":"2020-12-23T02:32:10","guid":{"rendered":"http:\/\/esteticaema.com\/site\/?page_id=1366"},"modified":"2022-03-14T18:25:04","modified_gmt":"2022-03-14T21:25:04","slug":"depilacion-definitiva","status":"publish","type":"page","link":"https:\/\/esteticaema.com\/site\/depilacion-definitiva\/","title":{"rendered":"Depilaci\u00f3n Definitiva"},"content":{"rendered":"<p>[vc_section][vc_row equal_height=\u00bbyes\u00bb css=\u00bb.vc_custom_1609274046607{margin-right: 4% !important;margin-bottom: 60px !important;margin-left: 4% !important;}\u00bb][vc_column width=\u00bb2\/3&#8243;][vc_column_text]<strong>Soprano Ice<\/strong>: La depilaci\u00f3n con l\u00e1ser o luz es el tratamiento est\u00e9tico no-invasivo m\u00e1s demandado. El equipo SOPRANO ICE evita que el vello no deseado vuelva a sil sin da\u00f1ar la piel.<\/p>\n<p><strong>\u00bfC\u00f3mo funciona?<\/strong><br \/>\nFunciona gracias a un principio denominado fototerm\u00f3lisis selectiva, donde el haz de luz o laser atraviesa la piel y es absorbido por la melanina(pigmento que contiene la ra\u00edz del vello), esta absorci\u00f3n provoca aumento de la temperatura en el fol\u00edciulo piloso y la destrucci\u00f3n por calor de las c\u00e9lulas responsables del renacimiento del pelo. El equipo presenta diversos par\u00e1metros, como longitud de onda, duraci\u00f3n del pulso y potencia que ser\u00e1n regulados en cada paciente.<br \/>\nSoprano es la \u00fanica tecnolog\u00eda de depilaci\u00f3n del mercado que cuenta con la aprobaci\u00f3n de la FDA, para tratar todo tipo de pieles, incluyendo la piel oscura y bronceada, sin que el paciente sufra molestias. Garantiza resultados excelentes tras varias sesiones de corta duraci\u00f3n, incluso en verano, tanto para hombres como para mujeres.<\/p>\n<p><strong>\u00bfCu\u00e1ntas sesiones debo realizar?<\/strong><br \/>\nDesde la primer sesi\u00f3n vas a notar cambios!., La cantidad de sesiones va a depender del fototipo de piel, el color y grosor del vello y la zona a tratar, en general se recomiendan 8 sesiones las cuales deben realizarse cada 45\/60 d\u00edas.<\/p>\n<p><strong>\u00bfQu\u00e9 pasa si debo cortar el tratamiento y no llego a cumplir todas las sesiones?<\/strong><br \/>\nNo pasa absolutamente nada, el resultado que hayas obtenido hasta el momento lo vas a sostener!<\/p>\n<p><strong>\u00bfDuele?<\/strong><br \/>\nDolor no genera, algunos pacientes simplemente sienten alguna molestia.<\/p>\n<p><strong>\u00bfMe puedo depilar en cualquier \u00e9poca de a\u00f1o? \u00bf y si estoy indispuesta?<\/strong><br \/>\nS\u00ed, y en verano tambi\u00e9n, lo \u00fanico que ten\u00e9s que tener en cuenta es q la zona que vayas a tratar no puede estar expuesta al sol 48hsantes ni desp\u00faes, y dicha zona no puede estar ni inflamada ni irritada. E indispuesta tambi\u00e9n pod\u00e9s!<\/p>\n<p><strong>\u00bfTengo foliculitis puedo depilarme?<\/strong><br \/>\nS\u00ed ten\u00e9s foliculitis no solo que podes sino que es la indicaci\u00f3n la depilaci\u00f3n definitiva para poder tratarla! El \u00fanico cuidado que deb\u00e9s tener es no apretar los granitos para no lesionar m\u00e1s la piel! Y vas a notar una gran mejor\u00eda.<\/p>\n<p><strong>\u00bfQu\u00e9 zonas puedo tratar?<\/strong><br \/>\nPod\u00e9s tratar todas las zonas, menos la parte interna de la ceja donde se encuentra el parpado m\u00f3vil!<\/p>\n<p><strong>\u00bfTengo que prepararme de alguna manera para la sesi\u00f3n?<\/strong><br \/>\n\u2013 Rasurarte un d\u00eda antes ( la piel no debe estar irritada!!).<br \/>\n\u2013 No exponerte al sol ni cama solar 3 d\u00edas antes<br \/>\n\u2013 No concurrir a la sesi\u00f3n con desodorantes o cremas. La piel debe estar limpia!<\/p>\n<p><strong>\u00bfDesp\u00faes de la sesi\u00f3n puedo hacer vida normal?<\/strong><br \/>\nS\u00ed, simplemente no debes exponer la zona al sol en las 48 hs posteriores. No utilizar desodorante por 2hs y esperar 10 d\u00edas para volver a rasurarte.<br \/>\n[\/vc_column_text][vc_empty_space height=\u00bb35px\u00bb][vc_column_text css=\u00bb.vc_custom_1609383990106{padding-top: 30px !important;padding-right: 30px !important;padding-bottom: 30px !important;padding-left: 30px !important;background-color: #f2f2f2 !important;}\u00bb el_class=\u00bbbox-recomendaciones\u00bb]<\/p>\n<h3 style=\"font-weight: 300; margin-top: 0px; text-transform: uppercase; font-size: 25px !important;\">Recomendaciones para el Tratamiento<\/h3>\n<h3 style=\"font-weight: 300; margin-top: 0px; text-transform: uppercase; font-size: 22px !important;\">Soprano<\/h3>\n<h3 style=\"font-weight: 300; margin-top: 0px; text-transform: uppercase; font-size: 20px !important;\">Previo a la sesi\u00f3n:<\/h3>\n<p>&#8211; No utilizar m\u00e9todos depilatorios que saquen el vello de ra\u00edz (cera, pinza, etc.) desde 15 d\u00edas previos a la sesi\u00f3n.<br \/>\n&#8211; Concurrir a la sesi\u00f3n sin desodorantes o cremas<br \/>\n&#8211; Rasurarse al ras la noche previa a la sesi\u00f3n, la zona debe estar suave al tacto.<br \/>\n&#8211; La piel no debe estar flechada, ni lastimada<br \/>\n&#8211; No exponer al sol la zona 48hs previas<\/p>\n<h3 style=\"font-weight: 300; margin-top: 0px; text-transform: uppercase; font-size: 20px !important;\">Posterior a la sesi\u00f3n:<\/h3>\n<p>&#8211; Esperar 2hs para aplicar desodorante<br \/>\n&#8211; En caso de presentar foliculitis no apretar el granito<br \/>\n&#8211; No exponer al sol la zona 48hs posteriores<br \/>\n[\/vc_column_text][vc_empty_space height=\u00bb35px\u00bb][\/vc_column][vc_column width=\u00bb1\/3&#8243; el_class=\u00bbimg-tratamiento\u00bb css=\u00bb.vc_custom_1609269255269{background-position: center !important;background-repeat: no-repeat !important;background-size: cover !important;}\u00bb][vc_single_image image=\u00bb1936&#8243; img_size=\u00bbfull\u00bb alignment=\u00bbcenter\u00bb onclick=\u00bblink_image\u00bb el_class=\u00bbimg-tratamiento-int\u00bb][\/vc_column][\/vc_row][\/vc_section][vc_section][vc_row equal_height=\u00bbyes\u00bb content_placement=\u00bbmiddle\u00bb css=\u00bb.vc_custom_1616766282501{margin-right: 5% !important;margin-left: 5% !important;padding-top: 40px !important;padding-bottom: 40px !important;background-image: url(http:\/\/esteticaema.com\/site\/wp-content\/uploads\/2020\/12\/bg-form-tratamiento2.jpg?id=1753) !important;background-position: center !important;background-repeat: no-repeat !important;background-size: cover !important;}\u00bb][vc_column width=\u00bb1\/3&#8243;][vc_custom_heading text=\u00bbSolicit\u00e1 tu turno\u00bb font_container=\u00bbtag:h2|font_size:45px|text_align:center|color:%239f9386&#8243; use_theme_fonts=\u00bbyes\u00bb el_class=\u00bbtitulo-manuscrito\u00bb][vc_custom_heading text=\u00bbo m\u00e1s informaci\u00f3n\u00bb font_container=\u00bbtag:h2|font_size:30px|text_align:center|color:%239f9386&#8243; use_theme_fonts=\u00bbyes\u00bb][vc_custom_heading text=\u00bbpara este tratamiento\u00bb font_container=\u00bbtag:h2|font_size:45px|text_align:center|color:%239f9386&#8243; use_theme_fonts=\u00bbyes\u00bb el_class=\u00bbtitulo-manuscrito\u00bb css=\u00bb.vc_custom_1616765244469{margin-bottom: 30px !important;}\u00bb][\/vc_column][vc_column width=\u00bb2\/3&#8243;]\n<div class=\"wpcf7 no-js\" id=\"wpcf7-f2085-o1\" lang=\"es-ES\" dir=\"ltr\">\n<div class=\"screen-reader-response\"><p role=\"status\" aria-live=\"polite\" aria-atomic=\"true\"><\/p> <ul><\/ul><\/div>\n<form action=\"\/site\/wp-json\/wp\/v2\/pages\/1366#wpcf7-f2085-o1\" method=\"post\" class=\"wpcf7-form init\" aria-label=\"Formulario de contacto\" novalidate=\"novalidate\" data-status=\"init\">\n<div style=\"display: none;\">\n<input type=\"hidden\" name=\"_wpcf7\" value=\"2085\" \/>\n<input type=\"hidden\" name=\"_wpcf7_version\" value=\"5.9.7\" \/>\n<input type=\"hidden\" name=\"_wpcf7_locale\" value=\"es_ES\" \/>\n<input type=\"hidden\" name=\"_wpcf7_unit_tag\" value=\"wpcf7-f2085-o1\" \/>\n<input type=\"hidden\" name=\"_wpcf7_container_post\" value=\"0\" \/>\n<input type=\"hidden\" name=\"_wpcf7_posted_data_hash\" value=\"\" \/>\n<input type=\"hidden\" name=\"_wpcf7_recaptcha_response\" value=\"\" \/>\n<\/div>\n<div class=\"contact-light\">\n\t<div class=\"field grid\">\n\t\t<div class=\"field line\">\n\t\t\t<p><label>Deseo<\/label><br \/>\n<span class=\"wpcf7-form-control-wrap\" data-name=\"deseo\"><select class=\"wpcf7-form-control wpcf7-select\" aria-invalid=\"false\" name=\"deseo\"><option value=\"Que me contacten por tel\u00e9fono\">Que me contacten por tel\u00e9fono<\/option><option value=\"Que me env\u00eden un WhatsApp\">Que me env\u00eden un WhatsApp<\/option><option value=\"Que me respondan por e-mail\">Que me respondan por e-mail<\/option><\/select><\/span>\n\t\t\t<\/p>\n\t\t<\/div>\n\t\t<div class=\"field line\">\n\t\t\t<p><label>Me interesa<\/label><br \/>\n<span class=\"wpcf7-form-control-wrap\" data-name=\"interesa\"><select class=\"wpcf7-form-control wpcf7-select\" aria-invalid=\"false\" name=\"interesa\"><option value=\"Recibir m\u00e1s informaci\u00f3n sobre este tratamiento\">Recibir m\u00e1s informaci\u00f3n sobre este tratamiento<\/option><option value=\"Solicitar turno para este tratamiento\">Solicitar turno para este tratamiento<\/option><option value=\"Obtener asesoramiento personalizado\">Obtener asesoramiento personalizado<\/option><\/select><\/span>\n\t\t\t<\/p>\n\t\t<\/div>\n\t<\/div>\n\t<div style=\"height: 15px\">\n\t<\/div>\n\t<div class=\"field grid\">\n\t\t<div class=\"field\">\n\t\t\t<p><span class=\"wpcf7-form-control-wrap\" data-name=\"nombre\"><input size=\"40\" maxlength=\"400\" class=\"wpcf7-form-control wpcf7-text wpcf7-validates-as-required\" aria-required=\"true\" aria-invalid=\"false\" placeholder=\"* Tu Nombre Completo\" value=\"\" type=\"text\" name=\"nombre\" \/><\/span>\n\t\t\t<\/p>\n\t\t<\/div>\n\t\t<div class=\"field\">\n\t\t\t<p><span class=\"wpcf7-form-control-wrap\" data-name=\"email\"><input size=\"40\" maxlength=\"400\" class=\"wpcf7-form-control wpcf7-email wpcf7-validates-as-required wpcf7-text wpcf7-validates-as-email\" aria-required=\"true\" aria-invalid=\"false\" placeholder=\"* Tu Email\" value=\"\" type=\"email\" name=\"email\" \/><\/span>\n\t\t\t<\/p>\n\t\t<\/div>\n\t<\/div>\n\t<div class=\"field grid\">\n\t\t<div class=\"field\">\n\t\t\t<p><span class=\"wpcf7-form-control-wrap\" data-name=\"telefono\"><input size=\"40\" maxlength=\"400\" class=\"wpcf7-form-control wpcf7-tel wpcf7-validates-as-required wpcf7-text wpcf7-validates-as-tel\" aria-required=\"true\" aria-invalid=\"false\" placeholder=\"* Tel\u00e9fono de Contacto\" value=\"\" type=\"tel\" name=\"telefono\" \/><\/span>\n\t\t\t<\/p>\n\t\t<\/div>\n\t\t<div class=\"field\">\n\t\t\t<p><input class=\"wpcf7-form-control wpcf7-submit has-spinner\" type=\"submit\" value=\"Enviar Consulta\" \/>\n\t\t\t<\/p>\n\t\t<\/div>\n\t<\/div>\n<\/div><div class=\"wpcf7-response-output\" aria-hidden=\"true\"><\/div>\n<\/form>\n<\/div>\n[\/vc_column][\/vc_row][\/vc_section]<\/p>\n","protected":false},"excerpt":{"rendered":"<p>[vc_section][vc_row equal_height=\u00bbyes\u00bb css=\u00bb.vc_custom_1609274046607{margin-right: 4% !important;margin-bottom: 60px !important;margin-left: 4% !important;}\u00bb][vc_column width=\u00bb2\/3&#8243;][vc_column_text]Soprano Ice: La depilaci\u00f3n con l\u00e1ser o luz es el tratamiento est\u00e9tico no-invasivo m\u00e1s demandado. El equipo SOPRANO ICE evita que el vello no deseado vuelva a sil sin da\u00f1ar la piel. \u00bfC\u00f3mo funciona? Funciona gracias a un principio denominado fototerm\u00f3lisis selectiva, donde el haz de [&hellip;]<\/p>\n","protected":false},"author":2,"featured_media":0,"parent":0,"menu_order":0,"comment_status":"closed","ping_status":"closed","template":"tmpl\/template-fullwidth.php","meta":{"footnotes":""},"class_list":["post-1366","page","type-page","status-publish","hentry"],"_links":{"self":[{"href":"https:\/\/esteticaema.com\/site\/wp-json\/wp\/v2\/pages\/1366"}],"collection":[{"href":"https:\/\/esteticaema.com\/site\/wp-json\/wp\/v2\/pages"}],"about":[{"href":"https:\/\/esteticaema.com\/site\/wp-json\/wp\/v2\/types\/page"}],"author":[{"embeddable":true,"href":"https:\/\/esteticaema.com\/site\/wp-json\/wp\/v2\/users\/2"}],"replies":[{"embeddable":true,"href":"https:\/\/esteticaema.com\/site\/wp-json\/wp\/v2\/comments?post=1366"}],"version-history":[{"count":6,"href":"https:\/\/esteticaema.com\/site\/wp-json\/wp\/v2\/pages\/1366\/revisions"}],"predecessor-version":[{"id":2625,"href":"https:\/\/esteticaema.com\/site\/wp-json\/wp\/v2\/pages\/1366\/revisions\/2625"}],"wp:attachment":[{"href":"https:\/\/esteticaema.com\/site\/wp-json\/wp\/v2\/media?parent=1366"}],"curies":[{"name":"wp","href":"https:\/\/api.w.org\/{rel}","templated":true}]}}