{"id":1360,"date":"2020-12-22T23:30:43","date_gmt":"2020-12-23T02:30:43","guid":{"rendered":"http:\/\/esteticaema.com\/site\/?page_id=1360"},"modified":"2022-03-14T18:15:38","modified_gmt":"2022-03-14T21:15:38","slug":"faciales","status":"publish","type":"page","link":"https:\/\/esteticaema.com\/site\/faciales\/","title":{"rendered":"Faciales"},"content":{"rendered":"<p>[vc_row][vc_column]<ul class=\"iconlist iconlist iconlist-icon-small columns-4 has-border\"><li ><div class=\"iconlist-item-icon\"><i class=\"hank-small-right\"><\/i><\/div><div class=\"iconlist-item-content\"><a href=\"https:\/\/esteticaema.com\/site\/faciales\/toxina-botulinica-botox\/\">Toxina botul\u00ednica: BOTOX\u00ae \u2013 XEOMIN<\/a><\/div><\/li><li ><div class=\"iconlist-item-icon\"><i class=\"hank-small-right\"><\/i><\/div><div class=\"iconlist-item-content\"><a href=\"https:\/\/esteticaema.com\/site\/faciales\/relleno-e-hidratacion-de-labios\/\">Relleno e hidrataci\u00f3n de labios<\/a><\/div><\/li><li ><div class=\"iconlist-item-icon\"><i class=\"hank-small-right\"><\/i><\/div><div class=\"iconlist-item-content\"><a href=\"https:\/\/esteticaema.com\/site\/faciales\/acido-hialuronico\/\">Reestructuraci\u00f3n y contorno facial con \u00e1cido hialur\u00f3nico: JUVEDERM\u00ae VYCROSS R\u00ae<\/a><\/div><\/li><li ><div class=\"iconlist-item-icon\"><i class=\"hank-small-right\"><\/i><\/div><div class=\"iconlist-item-content\"><a href=\"https:\/\/esteticaema.com\/site\/faciales\/bioestimulacion-facial\/\">Bioestimulaci\u00f3n Facial: Hidroxapatita de Calcio<\/a><\/div><\/li><li ><div class=\"iconlist-item-icon\"><i class=\"hank-small-right\"><\/i><\/div><div class=\"iconlist-item-content\"><a href=\"https:\/\/esteticaema.com\/site\/faciales\/ulthera\/\">Ulthera<\/a><\/div><\/li><li ><div class=\"iconlist-item-icon\"><i class=\"hank-small-right\"><\/i><\/div><div class=\"iconlist-item-content\"><a href=\"https:\/\/esteticaema.com\/site\/faciales\/long-lasting\/\">Long Lasting<\/a><\/div><\/li><li ><div class=\"iconlist-item-icon\"><i class=\"hank-small-right\"><\/i><\/div><div class=\"iconlist-item-content\"><a href=\"https:\/\/esteticaema.com\/site\/faciales\/peeling\/\">Peeling<\/a><\/div><\/li><li ><div class=\"iconlist-item-icon\"><i class=\"hank-small-right\"><\/i><\/div><div class=\"iconlist-item-content\"><a href=\"https:\/\/esteticaema.com\/site\/faciales\/mesoterapia-facial\/\">Mesoterapia facial<\/a><\/div><\/li><li ><div class=\"iconlist-item-icon\"><i class=\"hank-small-right\"><\/i><\/div><div class=\"iconlist-item-content\"><a href=\"https:\/\/esteticaema.com\/site\/faciales\/plasma-rico-en-plaquetas\/\">Plasma Rico en Plaquetas<\/a><\/div><\/li><li ><div class=\"iconlist-item-icon\"><i class=\"hank-small-right\"><\/i><\/div><div class=\"iconlist-item-content\"><a href=\"https:\/\/esteticaema.com\/site\/faciales\/tratamiento-de-bolsas-y-ojeras\/\">Tratamiento de bolsas y ojeras<\/a><\/div><\/li><li ><div class=\"iconlist-item-icon\"><i class=\"hank-small-right\"><\/i><\/div><div class=\"iconlist-item-content\"><a href=\"https:\/\/esteticaema.com\/site\/faciales\/manchas\/\">Manchas<\/a><\/div><\/li><li ><div class=\"iconlist-item-icon\"><i class=\"hank-small-right\"><\/i><\/div><div class=\"iconlist-item-content\"><a href=\"https:\/\/esteticaema.com\/site\/faciales\/luz-pulsada\/\">Luz Pulsada<\/a><\/div><\/li><li ><div class=\"iconlist-item-icon\"><i class=\"hank-small-right\"><\/i><\/div><div class=\"iconlist-item-content\"><a href=\"https:\/\/esteticaema.com\/site\/faciales\/blefaroplastia-no-quirurgica\/\">Blefaroplastia no quir\u00fargica: JettPlasma<\/a><\/div><\/li><li ><div class=\"iconlist-item-icon\"><i class=\"hank-small-right\"><\/i><\/div><div class=\"iconlist-item-content\"><a href=\"https:\/\/esteticaema.com\/site\/faciales\/hilos-tensores\/\">Hilos tensores<\/a><\/div><\/li><li ><div class=\"iconlist-item-icon\"><i class=\"hank-small-right\"><\/i><\/div><div class=\"iconlist-item-content\"><a href=\"https:\/\/esteticaema.com\/site\/faciales\/radiofrecuencia-fraccionada\/\">Radiofrecuencia fraccionada<\/a><\/div><\/li><li ><div class=\"iconlist-item-icon\"><i class=\"hank-small-right\"><\/i><\/div><div class=\"iconlist-item-content\"><a href=\"https:\/\/esteticaema.com\/site\/faciales\/venus-legacy\/\">Venus Legacy<\/a><\/div><\/li><li ><div class=\"iconlist-item-icon\"><i class=\"hank-small-right\"><\/i><\/div><div class=\"iconlist-item-content\"><a href=\"https:\/\/esteticaema.com\/site\/faciales\/dermapen\/\">Dermapen<\/a><\/div><\/li><\/ul>[\/vc_column][\/vc_row]<\/p>\n","protected":false},"excerpt":{"rendered":"<p>[vc_row][vc_column][\/vc_column][\/vc_row]<\/p>\n","protected":false},"author":2,"featured_media":0,"parent":0,"menu_order":0,"comment_status":"closed","ping_status":"closed","template":"tmpl\/template-fullwidth.php","meta":{"footnotes":""},"class_list":["post-1360","page","type-page","status-publish","hentry"],"_links":{"self":[{"href":"https:\/\/esteticaema.com\/site\/wp-json\/wp\/v2\/pages\/1360"}],"collection":[{"href":"https:\/\/esteticaema.com\/site\/wp-json\/wp\/v2\/pages"}],"about":[{"href":"https:\/\/esteticaema.com\/site\/wp-json\/wp\/v2\/types\/page"}],"author":[{"embeddable":true,"href":"https:\/\/esteticaema.com\/site\/wp-json\/wp\/v2\/users\/2"}],"replies":[{"embeddable":true,"href":"https:\/\/esteticaema.com\/site\/wp-json\/wp\/v2\/comments?post=1360"}],"version-history":[{"count":19,"href":"https:\/\/esteticaema.com\/site\/wp-json\/wp\/v2\/pages\/1360\/revisions"}],"predecessor-version":[{"id":2622,"href":"https:\/\/esteticaema.com\/site\/wp-json\/wp\/v2\/pages\/1360\/revisions\/2622"}],"wp:attachment":[{"href":"https:\/\/esteticaema.com\/site\/wp-json\/wp\/v2\/media?parent=1360"}],"curies":[{"name":"wp","href":"https:\/\/api.w.org\/{rel}","templated":true}]}}