{"id":1252,"date":"2020-12-22T10:45:42","date_gmt":"2020-12-22T13:45:42","guid":{"rendered":"http:\/\/esteticaema.com\/site\/?page_id=1252"},"modified":"2021-05-08T23:19:00","modified_gmt":"2021-05-09T02:19:00","slug":"nuestro-espacio","status":"publish","type":"page","link":"https:\/\/esteticaema.com\/site\/nuestro-espacio\/","title":{"rendered":"Nuestro Espacio"},"content":{"rendered":"<p>[vc_section css=\u00bb.vc_custom_1608782862625{padding-top: 40px !important;}\u00bb][vc_row][vc_column][vc_custom_heading text=\u00bbPensado para vos\u00bb font_container=\u00bbtag:h2|font_size:56px|text_align:center|line_height:60px\u00bb use_theme_fonts=\u00bbyes\u00bb el_class=\u00bbtitulo-manuscrito\u00bb][vc_empty_space height=\u00bb15px\u00bb][vc_custom_heading text=\u00bbPonemos a tu disposici\u00f3n lo m\u00e1s avanzado en tecnolog\u00eda<br \/>\npara el tratamiento de problemas est\u00e9ticos, aparatolog\u00eda<br \/>\nde \u00faltima generaci\u00f3n complementan la excelente atenci\u00f3n<br \/>\nde nuestras profesionales.\u00bb font_container=\u00bbtag:p|font_size:18px|text_align:center|color:%237f7f7f|line_height:21px\u00bb use_theme_fonts=\u00bbyes\u00bb][vc_empty_space height=\u00bb70px\u00bb][\/vc_column][\/vc_row][vc_row][vc_column][vc_gallery type=\u00bbimage_grid\u00bb images=\u00bb2396&#8243; img_size=\u00bb500&#215;500&#8243; el_class=\u00bbcolumns-5&#8243;][\/vc_column][\/vc_row][\/vc_section]<\/p>\n","protected":false},"excerpt":{"rendered":"<p>[vc_section css=\u00bb.vc_custom_1608782862625{padding-top: 40px !important;}\u00bb][vc_row][vc_column][vc_custom_heading text=\u00bbPensado para vos\u00bb font_container=\u00bbtag:h2|font_size:56px|text_align:center|line_height:60px\u00bb use_theme_fonts=\u00bbyes\u00bb el_class=\u00bbtitulo-manuscrito\u00bb][vc_empty_space height=\u00bb15px\u00bb][vc_custom_heading text=\u00bbPonemos a tu disposici\u00f3n lo m\u00e1s avanzado en tecnolog\u00eda para el tratamiento de problemas est\u00e9ticos, aparatolog\u00eda de \u00faltima generaci\u00f3n complementan la excelente atenci\u00f3n de nuestras profesionales.\u00bb font_container=\u00bbtag:p|font_size:18px|text_align:center|color:%237f7f7f|line_height:21px\u00bb use_theme_fonts=\u00bbyes\u00bb][vc_empty_space height=\u00bb70px\u00bb][\/vc_column][\/vc_row][vc_row][vc_column][vc_gallery type=\u00bbimage_grid\u00bb images=\u00bb2396&#8243; img_size=\u00bb500&#215;500&#8243; el_class=\u00bbcolumns-5&#8243;][\/vc_column][\/vc_row][\/vc_section]<\/p>\n","protected":false},"author":2,"featured_media":0,"parent":0,"menu_order":0,"comment_status":"closed","ping_status":"closed","template":"tmpl\/template-fullwidth.php","meta":{"footnotes":""},"class_list":["post-1252","page","type-page","status-publish","hentry"],"_links":{"self":[{"href":"https:\/\/esteticaema.com\/site\/wp-json\/wp\/v2\/pages\/1252"}],"collection":[{"href":"https:\/\/esteticaema.com\/site\/wp-json\/wp\/v2\/pages"}],"about":[{"href":"https:\/\/esteticaema.com\/site\/wp-json\/wp\/v2\/types\/page"}],"author":[{"embeddable":true,"href":"https:\/\/esteticaema.com\/site\/wp-json\/wp\/v2\/users\/2"}],"replies":[{"embeddable":true,"href":"https:\/\/esteticaema.com\/site\/wp-json\/wp\/v2\/comments?post=1252"}],"version-history":[{"count":9,"href":"https:\/\/esteticaema.com\/site\/wp-json\/wp\/v2\/pages\/1252\/revisions"}],"predecessor-version":[{"id":2397,"href":"https:\/\/esteticaema.com\/site\/wp-json\/wp\/v2\/pages\/1252\/revisions\/2397"}],"wp:attachment":[{"href":"https:\/\/esteticaema.com\/site\/wp-json\/wp\/v2\/media?parent=1252"}],"curies":[{"name":"wp","href":"https:\/\/api.w.org\/{rel}","templated":true}]}}