{"id":1250,"date":"2020-12-22T10:37:37","date_gmt":"2020-12-22T13:37:37","guid":{"rendered":"http:\/\/esteticaema.com\/site\/?page_id=1250"},"modified":"2022-04-18T15:08:12","modified_gmt":"2022-04-18T18:08:12","slug":"profesionales","status":"publish","type":"page","link":"https:\/\/esteticaema.com\/site\/profesionales\/","title":{"rendered":"Profesionales"},"content":{"rendered":"<p>[vc_section css=\u00bb.vc_custom_1608785602749{padding-top: 40px !important;}\u00bb][vc_row][vc_column][vc_custom_heading text=\u00bb\u00bfQui\u00e9nes somos?\u00bb font_container=\u00bbtag:h2|font_size:56px|text_align:center|line_height:60px\u00bb use_theme_fonts=\u00bbyes\u00bb el_class=\u00bbtitulo-manuscrito\u00bb][vc_empty_space height=\u00bb15px\u00bb][vc_custom_heading text=\u00bbDisfrutamos much\u00edsimo haciendo nuestro trabajo y hoy m\u00e1s<br \/>\nque nunca queremos decirte que te seguimos acompa\u00f1ando.\u00bb font_container=\u00bbtag:p|font_size:18px|text_align:center|color:%237f7f7f|line_height:21px\u00bb use_theme_fonts=\u00bbyes\u00bb][vc_empty_space height=\u00bb50px\u00bb][\/vc_column][\/vc_row][vc_row gap=\u00bb30&#8243; equal_height=\u00bbyes\u00bb][vc_column width=\u00bb1\/3&#8243;][vc_empty_space height=\u00bb25px\u00bb][vc_custom_heading text=\u00bb<strong>Dra. Paola Del Zotto<\/strong>\u00bb font_container=\u00bbtag:h2|font_size:30px|text_align:right|line_height:40px\u00bb use_theme_fonts=\u00bbyes\u00bb][vc_empty_space height=\u00bb15px\u00bb][vc_column_text]<\/p>\n<p style=\"text-align: right;\"><strong class=\"badge style2\">MAT. 18574<\/strong><\/p>\n<p>[\/vc_column_text][vc_empty_space height=\u00bb45px\u00bb][vc_custom_heading text=\u00bbSoy la Dra. Paola del Zotto<br \/>\nMe recib\u00ed de m\u00e9dica en la UNR. Hice post grados de Medicina Est\u00e9tica en: Asociaci\u00f3n Internacional de Cl\u00ednica Est\u00e9tica (Buenos Aires), Hospital Italiano (Rosario) y Nutrici\u00f3n (UAI).<\/p>\n<p>Mi pasi\u00f3n por la Medicina Estetica surgi\u00f3 luego de realizarme varios tratamientos. Disfruto mucho escuchar a cada paciente en mis consultas, o\u00edr sus historias y abordar cada tratamiento.<\/p>\n<p>Al igual que con Marina nuestra premisa es la salud por delante de todo. Por ello siempre en EMA vamos a recomendarte el mejor tratamiento para que cuides tu cuerpo.\u00bb font_container=\u00bbtag:div|font_size:18px|text_align:right|color:%237f7f7f|line_height:24px\u00bb use_theme_fonts=\u00bbyes\u00bb][\/vc_column][vc_column width=\u00bb1\/3&#8243;][vc_single_image image=\u00bb2386&#8243; img_size=\u00bbfull\u00bb alignment=\u00bbcenter\u00bb][\/vc_column][vc_column width=\u00bb1\/3&#8243;][vc_empty_space height=\u00bb25px\u00bb][vc_custom_heading text=\u00bb<strong>Dra. Marina Machiavello<\/strong>\u00bb font_container=\u00bbtag:h2|font_size:30px|text_align:left|line_height:40px\u00bb use_theme_fonts=\u00bbyes\u00bb][vc_empty_space height=\u00bb15px\u00bb][vc_column_text]<strong class=\"badge style2\">MAT. 19025<\/strong>[\/vc_column_text][vc_empty_space height=\u00bb45px\u00bb][vc_custom_heading text=\u00bbMe recib\u00ed de m\u00e9dica en UNR, y luego comenc\u00e9 a formarme en Post grados en Medicina Estetica: Sociedad Argentina De Medicina Estetica (Buenos Aires) y Nutrici\u00f3n (Universidad Favaloro).<\/p>\n<p>\u00bfPorqu\u00e9 eleg\u00ed \u00e9sta carrera? Porque la Medicina es una herramienta para mejorar la calidad de vida de una persona, una b\u00fasqueda integral del bienestar del paciente.<\/p>\n<p>\u201cCuando estamos sanos por dentro, nos vemos bien por fuera. Cuando nos vemos bien nos sentimos bien y eso se refleja en nuestra salud\u201d\u00bb font_container=\u00bbtag:div|font_size:18px|text_align:left|color:%237f7f7f|line_height:24px\u00bb use_theme_fonts=\u00bbyes\u00bb][\/vc_column][\/vc_row][vc_row][vc_column][vc_empty_space height=\u00bb45px\u00bb][vc_separator][\/vc_column][\/vc_row][\/vc_section][vc_section css=\u00bb.vc_custom_1581221259623{padding-top: 80px !important;}\u00bb el_id=\u00bbpeople\u00bb][vc_row content_placement=\u00bbbottom\u00bb css=\u00bb.vc_custom_1575014741811{margin-bottom: 35px !important;}\u00bb][vc_column width=\u00bb1\/2&#8243;][vc_custom_heading text=\u00bbLa importancia de dejar los tratamientos est\u00e9ticos en manos de profesionales m\u00e9dicos.\u00bb font_container=\u00bbtag:h2|font_size:28px|text_align:left|line_height:34px\u00bb use_theme_fonts=\u00bbyes\u00bb][vc_empty_space height=\u00bb20px\u00bb][\/vc_column][vc_column width=\u00bb1\/12&#8243;][\/vc_column][vc_column width=\u00bb5\/12&#8243;][vc_column_text]<span style=\"color: #7f7f7f;\">En E.M.A. tu salud es importante para nosotros, cuidarte es nuestra principal meta. Es por ello que estamos orgullosas de hacer hincapi\u00e9 que en nuestros consultorios vas a ser siempre cuidado.<\/span><br \/>\nNuestra pasi\u00f3n es la medicina est\u00e9tica, nos capacitamos constantemente para brindarte las \u00faltimas tendencias.[\/vc_column_text][vc_empty_space height=\u00bb25px\u00bb][\/vc_column][\/vc_row][vc_row equal_height=\u00bbyes\u00bb][vc_column width=\u00bb1\/6&#8243;]\n\t<div class=\"member  style2  has-image\">\n\t\t\n\t\t<div class=\"member-image\">\n\t\t\t<img decoding=\"async\" src=\"https:\/\/esteticaema.com\/site\/wp-content\/uploads\/2021\/05\/ema005-web.jpg\" alt=\"Ps Mariela Ledesma\" \/>\n\t\t<\/div>\n\t\n\t\t<div class=\"member-info\">\n\t\t\t<div class=\"member-meta\">\n\t\t\t<h3 class=\"member-name\">Ps Mariela Ledesma<\/h3><div class=\"member-subtitle\">Entrenadora Electrofitness<\/div>\n\t\t\t\n\t\t\t<\/div>\n\t\t\t<div class=\"member-desc\"><p>Egresada de la UNR en 1998, curso diferentes especializaciones en temas relacionados a recursos humanos, gesti\u00f3n de equipos y entrenamientos deportivos. Entrenadora certificada en Electrofitness de Just Body.<br \/>\nConsidera a la actividad f\u00edsica un h\u00e1bito saludable que posibilita optimizar nuestra calidad de vida tanto en lo f\u00edsico como en lo emocional.<\/p>\n<\/div>\n\t\t<\/div>\n\t<\/div>[\/vc_column][vc_column width=\u00bb1\/6&#8243;]\n\t<div class=\"member  style2  has-image\">\n\t\t\n\t\t<div class=\"member-image\">\n\t\t\t<img decoding=\"async\" src=\"https:\/\/esteticaema.com\/site\/wp-content\/uploads\/2021\/03\/img-anabela.jpg\" alt=\"Anabela Arbeleche\" \/>\n\t\t<\/div>\n\t\n\t\t<div class=\"member-info\">\n\t\t\t<div class=\"member-meta\">\n\t\t\t<h3 class=\"member-name\">Anabela Arbeleche<\/h3><div class=\"member-subtitle\">Asistente Profesional<\/div>\n\t\t\t\n\t\t\t<\/div>\n\t\t\t<div class=\"member-desc\"><p>Encargada de darles la bienvenida a nuestro Centro de Est\u00e9tica.<br \/>\nEstudiante avanzada de Tecnicatura Universitaria en Cosmetologia, Cosmiatria y Est\u00e9tica (Universidad Kennedy) tambi\u00e9n colabora en el desarrollo de diferentes tratamientos.<\/p>\n<\/div>\n\t\t<\/div>\n\t<\/div>[\/vc_column][vc_column width=\u00bb1\/6&#8243;]\n\t<div class=\"member  style2  has-image\">\n\t\t\n\t\t<div class=\"member-image\">\n\t\t\t<img decoding=\"async\" src=\"https:\/\/esteticaema.com\/site\/wp-content\/uploads\/2021\/03\/Sin-titulo-15.jpg\" alt=\"Lic. Cintia Noceti\" \/>\n\t\t<\/div>\n\t\n\t\t<div class=\"member-info\">\n\t\t\t<div class=\"member-meta\">\n\t\t\t<h3 class=\"member-name\">Lic. Cintia Noceti<\/h3><div class=\"member-subtitle\">Kinesiolog\u00eda<\/div>\n\t\t\t\n\t\t\t<\/div>\n\t\t\t<div class=\"member-desc\"><p>Licenciada en kinesiolog\u00eda y fisiatr\u00eda egresada de la UAI.<br \/>\nRealiz\u00f3 diferentes capacitaciones en rehabilitaci\u00f3n, bioseguridad en utilizaci\u00f3n de l\u00e1ser y reeducaci\u00f3n postural.<br \/>\nEn EMA realiza diferentes tratamientos que requieren de su presencia profesional.<\/p>\n<\/div>\n\t\t<\/div>\n\t<\/div>[\/vc_column][vc_column width=\u00bb1\/6&#8243;]\n\t<div class=\"member  style2 \">\n\t\t\n\t\t<div class=\"member-info\">\n\t\t\t<div class=\"member-meta\">\n\t\t\t<h3 class=\"member-name\">Claudia Garc\u00eda Vela<\/h3><div class=\"member-subtitle\">Electrofitness<\/div>\n\t\t\t\n\t\t\t<\/div>\n\t\t\t<div class=\"member-desc\"><p>Estudiante avanzada de Licenciatura en Actividad F\u00edsica. Ha cursado Instructurado de Pilates Reformer y cursos en Preparaci\u00f3n F\u00edsica. Su experiencia se centra en entrenamientos personalizados individuales y grupales. Entrenadora Capacitada en Electrofitness de Just Body.<\/p>\n<\/div>\n\t\t<\/div>\n\t<\/div>[\/vc_column][vc_column width=\u00bb1\/6&#8243;]\n\t<div class=\"member  style2 \">\n\t\t\n\t\t<div class=\"member-info\">\n\t\t\t<div class=\"member-meta\">\n\t\t\t<h3 class=\"member-name\">Federico Sansevero<\/h3><div class=\"member-subtitle\">Electrofitness<\/div>\n\t\t\t\n\t\t\t<\/div>\n\t\t\t<div class=\"member-desc\"><p>Estudiante avanzado de Kinesiolog\u00eda y Fisiatria. Cuenta con Certificaci\u00f3n Universitaria como Instructor de Pilates. Posee experiencia en entrenamientos personalizados y grupales de distintas disciplinas. Entrenador Capacitado en Electrofitness de Just Body.<\/p>\n<\/div>\n\t\t<\/div>\n\t<\/div>[\/vc_column][vc_column width=\u00bb1\/6&#8243;]\n\t<div class=\"member  style2 \">\n\t\t\n\t\t<div class=\"member-info\">\n\t\t\t<div class=\"member-meta\">\n\t\t\t<h3 class=\"member-name\">Cristian Perez<\/h3><div class=\"member-subtitle\">Electrofitness<\/div>\n\t\t\t\n\t\t\t<\/div>\n\t\t\t<div class=\"member-desc\"><p>Estudiante avanzado de Kinesiolog\u00eda y Fisiatria. Posee conocimientos en entrenamientos tanto grupales como individuales: certificado en Pilates reformer y terap\u00e9utico, Coach Level 1 y Level 2 de crossfit. Entrenador Capacitado en Electrofitness de Just Body.<\/p>\n<\/div>\n\t\t<\/div>\n\t<\/div>[\/vc_column][\/vc_row][\/vc_section]<\/p>\n","protected":false},"excerpt":{"rendered":"<p>[vc_section css=\u00bb.vc_custom_1608785602749{padding-top: 40px !important;}\u00bb][vc_row][vc_column][vc_custom_heading text=\u00bb\u00bfQui\u00e9nes somos?\u00bb font_container=\u00bbtag:h2|font_size:56px|text_align:center|line_height:60px\u00bb use_theme_fonts=\u00bbyes\u00bb el_class=\u00bbtitulo-manuscrito\u00bb][vc_empty_space height=\u00bb15px\u00bb][vc_custom_heading text=\u00bbDisfrutamos much\u00edsimo haciendo nuestro trabajo y hoy m\u00e1s que nunca queremos decirte que te seguimos acompa\u00f1ando.\u00bb font_container=\u00bbtag:p|font_size:18px|text_align:center|color:%237f7f7f|line_height:21px\u00bb use_theme_fonts=\u00bbyes\u00bb][vc_empty_space height=\u00bb50px\u00bb][\/vc_column][\/vc_row][vc_row gap=\u00bb30&#8243; equal_height=\u00bbyes\u00bb][vc_column width=\u00bb1\/3&#8243;][vc_empty_space height=\u00bb25px\u00bb][vc_custom_heading text=\u00bbDra. Paola Del Zotto\u00bb font_container=\u00bbtag:h2|font_size:30px|text_align:right|line_height:40px\u00bb use_theme_fonts=\u00bbyes\u00bb][vc_empty_space height=\u00bb15px\u00bb][vc_column_text] MAT. 18574 [\/vc_column_text][vc_empty_space height=\u00bb45px\u00bb][vc_custom_heading text=\u00bbSoy la Dra. Paola del Zotto Me recib\u00ed de m\u00e9dica en [&hellip;]<\/p>\n","protected":false},"author":2,"featured_media":0,"parent":0,"menu_order":0,"comment_status":"closed","ping_status":"closed","template":"tmpl\/template-fullwidth.php","meta":{"footnotes":""},"class_list":["post-1250","page","type-page","status-publish","hentry"],"_links":{"self":[{"href":"https:\/\/esteticaema.com\/site\/wp-json\/wp\/v2\/pages\/1250"}],"collection":[{"href":"https:\/\/esteticaema.com\/site\/wp-json\/wp\/v2\/pages"}],"about":[{"href":"https:\/\/esteticaema.com\/site\/wp-json\/wp\/v2\/types\/page"}],"author":[{"embeddable":true,"href":"https:\/\/esteticaema.com\/site\/wp-json\/wp\/v2\/users\/2"}],"replies":[{"embeddable":true,"href":"https:\/\/esteticaema.com\/site\/wp-json\/wp\/v2\/comments?post=1250"}],"version-history":[{"count":59,"href":"https:\/\/esteticaema.com\/site\/wp-json\/wp\/v2\/pages\/1250\/revisions"}],"predecessor-version":[{"id":2668,"href":"https:\/\/esteticaema.com\/site\/wp-json\/wp\/v2\/pages\/1250\/revisions\/2668"}],"wp:attachment":[{"href":"https:\/\/esteticaema.com\/site\/wp-json\/wp\/v2\/media?parent=1250"}],"curies":[{"name":"wp","href":"https:\/\/api.w.org\/{rel}","templated":true}]}}